{"id":1443,"date":"2021-02-10T16:53:33","date_gmt":"2021-02-10T16:53:33","guid":{"rendered":"http:\/\/sanagustin.org\/word\/?page_id=1443"},"modified":"2021-02-10T16:53:33","modified_gmt":"2021-02-10T16:53:33","slug":"secretariado-de-laicos-y-familia","status":"publish","type":"page","link":"http:\/\/sanagustin.org\/word\/secretariado-de-laicos-y-familia\/","title":{"rendered":"Secretariado de Laicos y Familia"},"content":{"rendered":"<p>Secretariado de Laicos y Familia 71. En el Vicariato habr\u00e1 un secretariado de Laicos y Familia integrado por el Consejero de Pastoral y Vocaciones, como coordinador, y un representante laico de cada comunidad, quienes ser\u00e1n nombrados y confirmados por el Vicario y su Consejo Estatutos del Vicariato 11 a propuesta de la Comunidad local y del Consejero de Pastoral. Su funci\u00f3n ser\u00e1 la de promover, animar, programar y dinamizar la Pastoral laical en el Vicariato a partir de las l\u00edneas de Pastoral marcadas por la Comisi\u00f3n de Pastoral y Vocaciones y difundir y encargarse de la formaci\u00f3n de los laicos especialmente en la espiritualidad agustiniana. Se reunir\u00e1n al menos dos veces al a\u00f1o.<\/p>\n","protected":false},"excerpt":{"rendered":"<p>Secretariado de Laicos y Familia 71. En el Vicariato habr\u00e1 un secretariado de Laicos y Familia integrado por el Consejero de Pastoral y Vocaciones, como coordinador, y un representante laico de cada comunidad, quienes ser\u00e1n nombrados y confirmados por el Vicario y su Consejo Estatutos del Vicariato 11 a propuesta de la Comunidad local y [&hellip;]<\/p>\n","protected":false},"author":1,"featured_media":0,"parent":0,"menu_order":0,"comment_status":"open","ping_status":"open","template":"","meta":[],"_links":{"self":[{"href":"http:\/\/sanagustin.org\/word\/wp-json\/wp\/v2\/pages\/1443"}],"collection":[{"href":"http:\/\/sanagustin.org\/word\/wp-json\/wp\/v2\/pages"}],"about":[{"href":"http:\/\/sanagustin.org\/word\/wp-json\/wp\/v2\/types\/page"}],"author":[{"embeddable":true,"href":"http:\/\/sanagustin.org\/word\/wp-json\/wp\/v2\/users\/1"}],"replies":[{"embeddable":true,"href":"http:\/\/sanagustin.org\/word\/wp-json\/wp\/v2\/comments?post=1443"}],"version-history":[{"count":1,"href":"http:\/\/sanagustin.org\/word\/wp-json\/wp\/v2\/pages\/1443\/revisions"}],"predecessor-version":[{"id":1444,"href":"http:\/\/sanagustin.org\/word\/wp-json\/wp\/v2\/pages\/1443\/revisions\/1444"}],"wp:attachment":[{"href":"http:\/\/sanagustin.org\/word\/wp-json\/wp\/v2\/media?parent=1443"}],"curies":[{"name":"wp","href":"https:\/\/api.w.org\/{rel}","templated":true}]}}