{"id":22,"date":"2015-04-24T13:25:41","date_gmt":"2015-04-24T13:25:41","guid":{"rendered":"http:\/\/sanagustin.org\/word\/?page_id=22"},"modified":"2015-06-05T19:15:44","modified_gmt":"2015-06-05T19:15:44","slug":"san-agustin-vida","status":"publish","type":"page","link":"http:\/\/sanagustin.org\/word\/san-agustin-vida\/","title":{"rendered":"VIDA"},"content":{"rendered":"<h3 style=\"text-align: justify;\">I. Primeros a\u00f1os<\/h3>\n<p style=\"text-align: justify;\">13 de noviembre del a\u00f1o 354. Aurelio Agust\u00edn nace en Tagaste. Este peque\u00f1o pueblo est\u00e1 situado al Norte de Africa y hoy se le conoce por Souk-Ahras. Patricio, su padre, desea que comience a estudiar cuanto antes. A su sufrida madre, M\u00f3nica, sin embargo, le interesa que conozca la fe cristiana.<\/p>\n<hr \/>\n<h3 style=\"text-align: justify;\">II. Agust\u00edn Estudiante<\/h3>\n<p style=\"text-align: justify;\">Hasta los once a\u00f1os Agust\u00edn permanece en Tagaste y asiste a la escuela del pueblo. El escaso inter\u00e9s que demuestra por ir a la escuela y el temor al castigo se entrelazan con su forma de ser alegre. En estos a\u00f1os todos le consideran un ni\u00f1o revoltoso y travieso. -\u00abNo voy a ser menos que mis amigos\u00bb- piensa Agust\u00edn. Su padre emplea su dinero de peque\u00f1o propietario para que se traslade a Madaura, ciudad situada a unos 28 klms. y complete all\u00ed sus estudios. En esta ciudad el estudio le resulta un poco m\u00e1s tolerable. Eso s\u00ed, aborrece el griego, pero lee a escritores latinos como Cicer\u00f3n. Sus problemas comienzan a los 15 a\u00f1os. Ha terminado la segunda etapa de estudios en Madaura y regresa a Tagaste. Patricio y M\u00f3nica desean que siga estudiando y con sus ahorros y la ayuda de un amigo rico del pueblo le env\u00edan a Cartago a terminar su preparaci\u00f3n. Algo m\u00e1s alejado de sus padres -196 klms.- Agust\u00edn comienza a vivir y disfrutar. Sus preocupaciones son el teatro, los ba\u00f1os y el sexo. Al cumplir los 17 a\u00f1os ya comparte su vida con una chica de su edad. Fruto de estas relaciones ser\u00e1 su hijo Adeodato. No obstante, \u00e9l espera colocarse pronto como profesor para estabilizar estas relaciones. Pero este mismo a\u00f1o, 371, muere su padre. Ante este acontecimiento el muchacho apasionado comienza a ser consciente del gran sacrificio que han realizado sus padres para que \u00e9l se construya un futuro. Muchos empiezan a considerarle \u00abun joven prodigio\u00bb. Lo cierto es que su manera de ser y sus lecturas le van configurando como una persona inteligente e inquieta. Tambi\u00e9n entra a formar parte de una secta: los Maniqueos.<\/p>\n<h3 style=\"text-align: justify;\">III. Agust\u00edn Profesor<\/h3>\n<p style=\"text-align: justify;\">Agust\u00edn regresa a su pueblo como profesor de Gram\u00e1tica a los 19 a\u00f1os. Es un buen profesor y tambi\u00e9n un excelente Maniqueo. Tagaste le queda peque\u00f1o y cuando muere un amigo suyo se marcha de nuevo a Cartago a ense\u00f1ar Ret\u00f3rica, ya que no puede soportar la pena de su ausencia. Le acompa\u00f1an algunos de sus alumnos de Tagaste. En estos a\u00f1os sigue leyendo mucho. Tambi\u00e9n escribe poes\u00eda y en varios cert\u00e1menes consigue algunos premios. Aunque solo tiene 26 a\u00f1os, publica su primer libro. El a\u00f1o 383 Agust\u00edn decide ir a Roma. Busca alumnos m\u00e1s formales y tambi\u00e9n desea ganar m\u00e1s dinero. Pero, sobre todo, su aspiraci\u00f3n es triunfar en la Capital del Imperio. All\u00ed consigue abrir una escuela. Pero, al a\u00f1o siguiente marcha a Mil\u00e1n. Ha ganado por oposici\u00f3n y con alguna influencia de los Maniqueos, la c\u00e1tedra de Ret\u00f3rica de esta ciudad. M\u00f3nica, su madre, va con \u00e9l. Desea que su hijo se convierta al cristianismo.<\/p>\n<h3 style=\"text-align: justify;\">IV. Agust\u00edn Amigo<\/h3>\n<p style=\"text-align: justify;\">En Mil\u00e1n el \u00abprofesor africano\u00bb comienza a visitar asiduamente la Catedral atra\u00eddo por la fama del Obispo Ambrosio que es un gran orador. Pero las palabras de Ambrosio d\u00eda tras d\u00eda van resquebrajando su inquietud constante en busca de la verdad. Por \u00e9ste y otros factores, se encuentra en esta disposici\u00f3n cuando se entrevista con Simpliciano, Ponticiano y otros cristianos que han dejado todo por seguir a Dios. Y ser\u00e1 una meditaci\u00f3n constante, la paz de un jard\u00edn y unas palabras de la Biblia (\u00abNo en comilonas ni en borracheras&#8230; sino revest\u00edos de Nuestro Se\u00f1or Jesucristo\u00bb Rom 13, 13) quienes le den otro empuj\u00f3n, y \u00e9ste ya definitivo para convertirse en un hombre nuevo. \u00abBrill\u00f3 en m\u00ed como una luz de serenidad\u00bb, escribir\u00e1 en sus Confesiones. Tiene 32 a\u00f1os. Su ideal va a ser a partir de ahora conocer a Dios para amarle. Contin\u00faa dando clases pero ya ha decidido abandonar la ense\u00f1anza. Y as\u00ed lo har\u00e1 al finalizar el curso. Inmediatamente se retira con sus amigos a una finca que les han dejado en Casiciaco. Y en este lugar de descanso reflexiona, escribe y comparte con sus amigos la preparaci\u00f3n para el bautismo. Todos conviven como si fueran una sola persona que est\u00e1 orientando sus pasos hacia Dios. Al llegar la Pascua de este mismo a\u00f1o, 387, Agust\u00edn recibe el bautismo de manos de Ambrosio.<\/p>\n<h3 style=\"text-align: justify;\">V. Agust\u00edn Monje<\/h3>\n<p style=\"text-align: justify;\">Muy pronto Agust\u00edn siente deseos de volver a su patria. Embarca. Pero incluso la espera en el puerto de Ostia, cerca de Roma, se le hace insufrible. Adem\u00e1s, su madre -la mujer de su conversi\u00f3n- muere all\u00ed. Ahogado por el dolor se dirige a Roma y se dedica a visitar monasterios de monjes ya que \u00e9l mismo tiene decidido fundar alguno. Por fin llega a Tagaste. Lo primero que hace es repartir su herencia entre los necesitados y funda un monasterio donde va a convivir con los amigos que le han acompa\u00f1ado. Ahora su \u00fanico plan de vida es la oraci\u00f3n y la convivencia con los monjes. Sin embargo pronto pasar\u00e1 a ser el consejero de todo el pueblo. Recibir\u00e1 cartas de Italia, Espa\u00f1a, Africa,&#8230; Todos desean recibir su consejo. Este mismo a\u00f1o, 388, sufre la muerte de su hijo que viv\u00eda con \u00e9l.<\/p>\n<h3 style=\"text-align: justify;\">VI. Agust\u00edn Obispo<\/h3>\n<p style=\"text-align: justify;\">Pasan tres a\u00f1os. Agust\u00edn realiza un viaje a Hipona con intenci\u00f3n de visitar a un amigo y traerlo a su monasterio. Pero es \u00e9l quien se queda all\u00ed ante la petici\u00f3n de Valerio -el obispo- y la gente del pueblo. Desde este momento su actividad cambia. Comienza a predicar y administrar sacramentos. Incluso dedica un tiempo a la preparaci\u00f3n y adaptaci\u00f3n de sus conocimientos a estas nuevas tareas. Pero necesita monjes amigos junto a s\u00ed y decide fundar otro monasterio en un jard\u00edn que le deja el obispo. Valerio le consagra obispo auxiliar por temor a que se lo lleven a otro lugar y Agust\u00edn comienza a llamarse \u00abde Hipona\u00bb. Un a\u00f1o despu\u00e9s ser\u00e1 obispo de la ciudad a los 42 a\u00f1os.<\/p>\n<h3 style=\"text-align: justify;\">VII. Agust\u00edn Fundador<\/h3>\n<p style=\"text-align: justify;\">Ahora tiene que desempe\u00f1ar todo tipo de trabajos: juez, limosnero, consejero,&#8230; Pero su actividad como fundador de nuevas comunidades no decrece. Ve con alegr\u00eda c\u00f3mo a sus mejores monjes, Alipio, Evodio, Posidio y Bonifacio se llevan obispos a otras ciudades africanas. Viaja, lee, escribe. Hacia el a\u00f1o 398 aparecen \u00abLas Confesiones\u00bb, dos a\u00f1os despu\u00e9s comienza el \u00abTratado sobre la Trinidad\u00bb, en el 413 inicia la \u00abCiudad de Dios. Se enfrenta tambi\u00e9n en una pol\u00e9mica seria con Donato y los donatistas defendiendo que Cristo es el autor de los Sacramentos y no depende su eficacia de la santidad del sacerdote que los administra. As\u00ed ocupa 35 a\u00f1os de su vida.<\/p>\n<h3 style=\"text-align: justify;\">VIII. Agust\u00edn Santo<\/h3>\n<p style=\"text-align: justify;\">Pero a los 76 a\u00f1os, cuando Genserico cerca Hipona, Agust\u00edn deja sus libros y sus discusiones en favor de la fe para retirarse a la Paz de Dios. Es el 28 de agosto del a\u00f1o 430. Agust\u00edn, rodeado de amigos, entrega su vida a su mejor Amigo: Dios.<\/p>\n","protected":false},"excerpt":{"rendered":"<p>I. Primeros a\u00f1os 13 de noviembre del a\u00f1o 354. Aurelio Agust\u00edn nace en Tagaste. Este peque\u00f1o pueblo est\u00e1 situado al Norte de Africa y hoy se le conoce por Souk-Ahras. Patricio, su padre, desea que comience a estudiar cuanto antes. A su sufrida madre, M\u00f3nica, sin embargo, le interesa que conozca la fe cristiana. II. [&hellip;]<\/p>\n","protected":false},"author":2,"featured_media":23,"parent":0,"menu_order":0,"comment_status":"open","ping_status":"open","template":"","meta":[],"_links":{"self":[{"href":"http:\/\/sanagustin.org\/word\/wp-json\/wp\/v2\/pages\/22"}],"collection":[{"href":"http:\/\/sanagustin.org\/word\/wp-json\/wp\/v2\/pages"}],"about":[{"href":"http:\/\/sanagustin.org\/word\/wp-json\/wp\/v2\/types\/page"}],"author":[{"embeddable":true,"href":"http:\/\/sanagustin.org\/word\/wp-json\/wp\/v2\/users\/2"}],"replies":[{"embeddable":true,"href":"http:\/\/sanagustin.org\/word\/wp-json\/wp\/v2\/comments?post=22"}],"version-history":[{"count":4,"href":"http:\/\/sanagustin.org\/word\/wp-json\/wp\/v2\/pages\/22\/revisions"}],"predecessor-version":[{"id":480,"href":"http:\/\/sanagustin.org\/word\/wp-json\/wp\/v2\/pages\/22\/revisions\/480"}],"wp:featuredmedia":[{"embeddable":true,"href":"http:\/\/sanagustin.org\/word\/wp-json\/wp\/v2\/media\/23"}],"wp:attachment":[{"href":"http:\/\/sanagustin.org\/word\/wp-json\/wp\/v2\/media?parent=22"}],"curies":[{"name":"wp","href":"https:\/\/api.w.org\/{rel}","templated":true}]}}