{"id":279,"date":"2015-05-13T22:15:57","date_gmt":"2015-05-13T22:15:57","guid":{"rendered":"http:\/\/sanagustin.org\/word\/?page_id=279"},"modified":"2015-05-13T22:33:25","modified_gmt":"2015-05-13T22:33:25","slug":"salas","status":"publish","type":"page","link":"http:\/\/sanagustin.org\/word\/biblioteca\/espacios\/salas\/","title":{"rendered":"Salas"},"content":{"rendered":"<h3 style=\"text-align: justify;\">Sala de Lectura \u201cFray Luis de Le\u00f3n\u201d<\/h3>\n<p style=\"text-align: justify;\">La Sala de Lectura \u201cFray Luis de Le\u00f3n\u201d crea el marco adecuado del silencio para la lectura, investigaci\u00f3n y concentraci\u00f3n, con gabinetes personales de austero confort, iluminaci\u00f3n y conexi\u00f3n a red. La Biblioteca dispone de este modo de todo aquello que se estima necesario para estimular el trabajo intelectual.<\/p>\n<h3 style=\"text-align: justify;\">Sala de Reuniones e Investigaci\u00f3n \u201cFray \u00c1ngelo Rocca\u201d<\/h3>\n<p style=\"text-align: justify;\">La Sala de Reuniones \u201cFr. \u00c1ngelo Rocca\u201d es un espacio reservado a los investigadores y fundamentalmente a los especialistas en particular de San Agust\u00edn y los Agustinos y de las Ciencias Sociales y Humanas en general, que deseen utilizar el espacio a fines acad\u00e9micos.<br \/>\nEn este espacio, un ambiente estimulante para la reflexi\u00f3n y la creaci\u00f3n, el usuario tiene oportunidad de consultar aquellos libros que por su antig\u00fcedad o valor agregado no se encuentran disponibles para consulta general y que se hallan en la Biblioteca Hist\u00f3rica de la Orden bajo custodia.<br \/>\nQuien lo requiera puede utilizar para sus trabajos el equipamiento inform\u00e1tico que la Biblioteca Agustiniana de Buenos Aires ofrece, o traer sus propios equipos portables.<\/p>\n<p style=\"text-align: justify;\">Entre los textos m\u00e1s llamativos a disposici\u00f3n, se destaca la edici\u00f3n facsimilar del Liber Chronicarum, iluminado, cuyo original se encuentra en otra Biblioteca Agustiniana, la del Monasterio de la Vid, las obras de agustinos insignes, como Fr Juan M\u00e1rquez ( Siglo XVII) o de Fr Enrique Fl\u00f3rez ( S.XVIII ), tambi\u00e9n se hallan en el Tesoro, a esto se suman colecciones de Sermones, Tratados M\u00edsticos ( Fr Luis de Granada, Teresa De \u00c1vila y otros), libros de gran formato como la formidable Flora Filipina y Tucumaniensis, el acceso a fuentes documentales en formato digital que recogen la acci\u00f3n de los Agustinos en Territorio nacional , sobre todo en Cuyo entre los Siglos XVII y XIX y muchos otros ejemplares, atlas y planos de diferentes \u00e9pocas e informes de Cofrad\u00edas de comienzos de Siglo XX.<br \/>\nSobresale por su magnitud y calidad la secci\u00f3n correspondiente a los Fondos de la Hemeroteca Agustiniana que por el alcance tem\u00e1tico y la extensi\u00f3n de per\u00edodos que abarca son requeridos por investigadores nacionales o extranjeros que viajan especialmente. Entre ellos destacamos Studia Ephemeridis Augustinianum editadas por el Institutum Patristicum Augustinianum, de gran valor para fil\u00f3logos, patr\u00f3logos, fil\u00f3sofos, te\u00f3logos e historiadores que se dedican al Mundo Cristiano en sus primeros siglos.<\/p>\n<p style=\"text-align: justify;\">La Sala es el espacio de dialogo de la Biblioteca Hist\u00f3rica y su Tesoro, donde se recoge el Fondo Antiguo (hacer link a las Muestras en extensi\u00f3n cultural ) de la Orden en esta presencia. Actualmente dicho Fondo se encuentra en fase de conservaci\u00f3n y catalogaci\u00f3n gracias al aporte desinteresado de practicantes de la Carrera de Conservaci\u00f3n de la Universidad del Museo Social Argentino. Dicho fondo por convenio firmado oportunamente, pasara tambi\u00e9n a formar parte del cat\u00e1logo unificado de Bibliotecas Coloniales que coordina la Biblioteca Nacional.<br \/>\nLa sala ofrece adem\u00e1s un servicio de difusi\u00f3n de actividades acad\u00e9micas y culturales consideradas tem\u00e1ticamente de posible inter\u00e9s para quienes consultan y visitan la BIBCISAO.<\/p>\n<p style=\"text-align: justify;\">En referencia a eventos, presentaciones de libros, muestras y espect\u00e1culos , la Orden posee en Buenos Aires espacios posibles para conferencias y Simposios, que para mayor informaci\u00f3n rogamos dirigirse a <a href=\"http:\/\/sanagustin.org\/Estudio_contacto.php\" target=\"_blank\">biblioteca@sanagustin.org.<\/a><br \/>\nPor otra parte, en esta sala desde comienzos de setiembre de 2009, se viene realizando el 1er Seminario de Lectura de Textos Historiogr\u00e1ficos en relaci\u00f3n al estudio e investigaci\u00f3n de temas referidos a la Historia de la Iglesia. Los encuentros que tienen por objeto posibilitar el acceso a alguno de los libros antiguos, primeras ediciones, y bibliograf\u00eda actualizada de la tem\u00e1tica en cuesti\u00f3n y promueve el enriquecimiento del saber de cada investigador o p\u00fablico en general que desee concurrir.<br \/>\nToda esta oferta, m\u00e1s el asesoramiento y seguimiento personalizado a cada consultante, hacen de la Sala Fr \u00c1ngelo Rocca y de sus servicios un lugar que invita a trabajar.<\/p>\n","protected":false},"excerpt":{"rendered":"<p>Sala de Lectura \u201cFray Luis de Le\u00f3n\u201d La Sala de Lectura \u201cFray Luis de Le\u00f3n\u201d crea el marco adecuado del silencio para la lectura, investigaci\u00f3n y concentraci\u00f3n, con gabinetes personales de austero confort, iluminaci\u00f3n y conexi\u00f3n a red. La Biblioteca dispone de este modo de todo aquello que se estima necesario para estimular el trabajo [&hellip;]<\/p>\n","protected":false},"author":2,"featured_media":284,"parent":277,"menu_order":0,"comment_status":"open","ping_status":"open","template":"","meta":[],"_links":{"self":[{"href":"http:\/\/sanagustin.org\/word\/wp-json\/wp\/v2\/pages\/279"}],"collection":[{"href":"http:\/\/sanagustin.org\/word\/wp-json\/wp\/v2\/pages"}],"about":[{"href":"http:\/\/sanagustin.org\/word\/wp-json\/wp\/v2\/types\/page"}],"author":[{"embeddable":true,"href":"http:\/\/sanagustin.org\/word\/wp-json\/wp\/v2\/users\/2"}],"replies":[{"embeddable":true,"href":"http:\/\/sanagustin.org\/word\/wp-json\/wp\/v2\/comments?post=279"}],"version-history":[{"count":3,"href":"http:\/\/sanagustin.org\/word\/wp-json\/wp\/v2\/pages\/279\/revisions"}],"predecessor-version":[{"id":285,"href":"http:\/\/sanagustin.org\/word\/wp-json\/wp\/v2\/pages\/279\/revisions\/285"}],"up":[{"embeddable":true,"href":"http:\/\/sanagustin.org\/word\/wp-json\/wp\/v2\/pages\/277"}],"wp:featuredmedia":[{"embeddable":true,"href":"http:\/\/sanagustin.org\/word\/wp-json\/wp\/v2\/media\/284"}],"wp:attachment":[{"href":"http:\/\/sanagustin.org\/word\/wp-json\/wp\/v2\/media?parent=279"}],"curies":[{"name":"wp","href":"https:\/\/api.w.org\/{rel}","templated":true}]}}