{"id":365,"date":"2015-05-29T14:11:59","date_gmt":"2015-05-29T14:11:59","guid":{"rendered":"http:\/\/sanagustin.org\/word\/?page_id=365"},"modified":"2015-05-29T14:29:35","modified_gmt":"2015-05-29T14:29:35","slug":"congreso-agustiniano","status":"publish","type":"page","link":"http:\/\/sanagustin.org\/word\/congreso-agustiniano\/","title":{"rendered":"Congreso Agustiniano"},"content":{"rendered":"<h4>Congreso Agustiniano de Teolog\u00eda en Buenos Aires &#8211; Argentina<\/h4>\n<h4>26-28 de agosto 2004<\/h4>\n<h5>En el Auditorio San Agust\u00edn (Alicia Moreau de Justo 1300, subsuelo) y la Casa de Formaci\u00f3n Santa M\u00f3nica (Av. Nazca 3939). Fueron tres intensas jornadas, en las que participaron m\u00e1s de 300 personas.<\/h5>\n","protected":false},"excerpt":{"rendered":"<p>Congreso Agustiniano de Teolog\u00eda en Buenos Aires &#8211; Argentina 26-28 de agosto 2004 En el Auditorio San Agust\u00edn (Alicia Moreau de Justo 1300, subsuelo) y la Casa de Formaci\u00f3n Santa M\u00f3nica (Av. Nazca 3939). Fueron tres intensas jornadas, en las que participaron m\u00e1s de 300 personas.<\/p>\n","protected":false},"author":2,"featured_media":0,"parent":0,"menu_order":0,"comment_status":"open","ping_status":"open","template":"congreso.php","meta":[],"_links":{"self":[{"href":"http:\/\/sanagustin.org\/word\/wp-json\/wp\/v2\/pages\/365"}],"collection":[{"href":"http:\/\/sanagustin.org\/word\/wp-json\/wp\/v2\/pages"}],"about":[{"href":"http:\/\/sanagustin.org\/word\/wp-json\/wp\/v2\/types\/page"}],"author":[{"embeddable":true,"href":"http:\/\/sanagustin.org\/word\/wp-json\/wp\/v2\/users\/2"}],"replies":[{"embeddable":true,"href":"http:\/\/sanagustin.org\/word\/wp-json\/wp\/v2\/comments?post=365"}],"version-history":[{"count":3,"href":"http:\/\/sanagustin.org\/word\/wp-json\/wp\/v2\/pages\/365\/revisions"}],"predecessor-version":[{"id":382,"href":"http:\/\/sanagustin.org\/word\/wp-json\/wp\/v2\/pages\/365\/revisions\/382"}],"wp:attachment":[{"href":"http:\/\/sanagustin.org\/word\/wp-json\/wp\/v2\/media?parent=365"}],"curies":[{"name":"wp","href":"https:\/\/api.w.org\/{rel}","templated":true}]}}