{"id":397,"date":"2015-05-29T14:53:59","date_gmt":"2015-05-29T14:53:59","guid":{"rendered":"http:\/\/sanagustin.org\/word\/?page_id=397"},"modified":"2015-05-29T15:05:00","modified_gmt":"2015-05-29T15:05:00","slug":"convenios-de-cooperacion","status":"publish","type":"page","link":"http:\/\/sanagustin.org\/word\/convenios-de-cooperacion\/","title":{"rendered":"Convenios de Cooperaci\u00f3n"},"content":{"rendered":"<p style=\"text-align: justify;\">Los Convenios de Colaboraci\u00f3n Institucional son las herramientas que la Orden de San Agust\u00edn ha dispuesto desde la BIBCISAO para agilizar las tareas emprendidas y dialogar con el resto de los protagonistas de la actualidad acad\u00e9mica relacionada al quehacer e inter\u00e9s del espacio de escritura, lectura e Investigaci\u00f3n.<\/p>\n<p style=\"text-align: justify;\">Esto ha promovido que Proyectos como el del Museo Agustiniano de Buenos Aires (Subsuelo de la Parroquia san Agust\u00edn, Av. Las Heras 2560), comience su fase de desarrollo, dicho proyecto persigue custodiar, difundir y preservar parte del patrimonio Art\u00edstico que la Orden posee en su presencia en esta regi\u00f3n.\u00e7<\/p>\n<p style=\"text-align: justify;\">Dicho emprendimiento todav\u00eda no cuenta con una financiaci\u00f3n real, pero si con el empe\u00f1o de la Orden que recurre a la buena voluntad y esmero de quienes colaboran en este emprendimiento. Entre ellos la Universidad del Museo Social <a href=\"http:\/\/www.umsa.edu.ar\/index.php?option=com_content&amp;view=article&amp;id=140&amp;Itemid=62\" target=\"_blank\">(http:\/\/www.umsa.edu.ar)<\/a> ha comenzado con la Catalogaci\u00f3n de los materiales, la limpieza y las tareas de conservaci\u00f3n , gracias al <strong>Convenio de colaboraci\u00f3n y de Practicas Profesionales firmado con la Facultad de Ciencias de la Conservaci\u00f3n<\/strong> de dicha Universidad, firmado a mediados de 2009.<\/p>\n<h3 style=\"text-align: justify;\">Otros Convenios<\/h3>\n<h4 style=\"text-align: justify;\">Convenio de Participaci\u00f3n del Programa Nacional Unificado de Bibliograf\u00eda Colonial con la Biblioteca Nacional de la Rep\u00fablica Argentina<\/h4>\n<p style=\"text-align: justify;\">Desde hace unos a\u00f1os atr\u00e1s, la Biblioteca Nacional se ha empe\u00f1ado en realizar un registro de las obras anteriores a 1850 de existencia en el pa\u00eds, esto incumbe tanto a las obras en su calidad original como as\u00ed facsimilar. La BIBCISAO ha contemplado de prioridad la participaci\u00f3n en dicho Programa en pos de poner al alcance del Investigador los Fondos que resguarda en su Biblioteca Hist\u00f3rica.<\/p>\n<p style=\"text-align: justify;\"><a href=\"http:\/\/www.bn.gov.ar\/AC_PNBC.aspx\" target=\"_blank\"><img decoding=\"async\" loading=\"lazy\" alt=\"\" src=\"http:\/\/sanagustin.org\/images\/web.jpg\" width=\"20\" height=\"20\" align=\"top\" border=\"0\" hspace=\"4\" \/><\/a><a href=\"http:\/\/www.bn.gov.ar\/AC_PNBC.aspx\" target=\"_blank\">Mas informaci\u00f3n acerca del Programa de Biblioteca Nacional<\/a><\/p>\n<h4>Convenio de Colaboraci\u00f3n institucional con la Facultad de Artes y Ciencias Musicales de la Pontificia Universidad Cat\u00f3lica Argentina<\/h4>\n<p style=\"text-align: justify;\">El Instituto de Investigaciones Musicol\u00f3gicas \u201cCarlos Vega\u201d de la Facultad de Artes y Ciencias Musicales de la Pontificia Universidad Cat\u00f3lica Argentina ha establecido un Convenio con el Centro de Investigaci\u00f3n de la Orden de San Agust\u00edn. El mismo apunta a una exploraci\u00f3n de los materiales musicales de la Prelatura Cafayate. \u201cCopleros,\u201d proyecto dirigido por H\u00e9ctor Goyena y \u201cMateriales musicales de los monasterios de la orden en la prelatura,\u201d proyecto dirigido por Diana Fern\u00e1ndez Calvo. Investigadores Auxiliares: Santiago Giacosa. Miembros auxiliares: Juli\u00e1n Mosca, Arturo Fern\u00e1ndez y Diego Alberton.<\/p>\n<p><a href=\"http:\/\/www.uca.edu.ar\/index.php\/site\/index\/es\/universidad\/facultades\/buenos-aires\/artes-cs-musicales\/institutos-y-centros\/investigacion-musicologica\/archivos-e-investigaciones\/\" target=\"_blank\"><img decoding=\"async\" loading=\"lazy\" alt=\"\" src=\"http:\/\/sanagustin.org\/images\/web.jpg\" width=\"20\" height=\"20\" align=\"top\" border=\"0\" hspace=\"4\" \/> Mas informaci\u00f3n&#8230;<\/a><\/p>\n<h4>Convenio de colaboraci\u00f3n Institucional con la Facultad de Filosof\u00eda y Letras de la Universidad de Buenos Aires, Departamento de Historia, Grupo de estudios sobre Religiosidad y Evangelizaci\u00f3n GERE-UBA<\/h4>\n<p style=\"text-align: justify;\">Desde el pasado a\u00f1o 2008, en ocasi\u00f3n del II Simposio Internacional sobre Religiosidad, Cultura y Poder \u2013 27 al 29 de Agosto de 2008 -, la Biblioteca y Centro de Investigaciones ha firmado un convenio de colaboraci\u00f3n institucional con este importante grupo de estudio que pertenece a la Universidad de Buenos Aires y que realiza una copiosa actividad acad\u00e9mica.<\/p>\n<p style=\"text-align: justify;\"><a href=\"http:\/\/sircpdelgere-uba.blogspot.com\/\" target=\"_blank\"><img decoding=\"async\" loading=\"lazy\" alt=\"\" src=\"http:\/\/sanagustin.org\/images\/web.jpg\" width=\"20\" height=\"20\" align=\"top\" border=\"0\" hspace=\"4\" \/>Mas informaci\u00f3n&#8230;<\/a><\/p>\n<h4 style=\"text-align: justify;\">Convenio de colaboraci\u00f3n Institucional con la Facultad de Filosof\u00eda y Letras de la Universidad Cat\u00f3lica Argentina<\/h4>\n<p style=\"text-align: justify;\">Facultad de Filosof\u00eda y Letras de la UCA y la Biblioteca y Centro de Investigaci\u00f3n San Alonso de Orozco de la Orden de San Agust\u00edn, formalizaron un Convenio de Cooperaci\u00f3n Institucional y Acad\u00e9mica. El acuerdo fue firmado por el Decano de la unidad acad\u00e9mica de la Universidad, Dr. N\u00e9stor Corona, y el Vicario Regional de la instituci\u00f3n agustiniana, Dr. Jos\u00e9 Demetrio Jim\u00e9nez. Los \u00e1mbitos y \u00e1reas de acci\u00f3n en que se desarrollar\u00e1 la cooperaci\u00f3n establecida ser\u00e1n la investigaci\u00f3n, la ense\u00f1anza y los servicios brindados por ambas organizaciones.<\/p>\n<p style=\"text-align: justify;\">\nEn este sentido, se prev\u00e9n la eventual realizaci\u00f3n conjunta de actividades acad\u00e9micas, como el desarrollo de proyectos de investigaci\u00f3n, el intercambio de resultados de investigaciones realizadas, el dise\u00f1o e implementaci\u00f3n de programas de pasant\u00edas rec\u00edprocas, la organizaci\u00f3n de conferencias, seminarios y jornadas, el acceso de los docentes y alumnos al uso de las bibliotecas y al canje de publicaciones de ambas partes.<\/p>\n<p><a href=\"http:\/\/www.uca.edu.ar\" target=\"_blank\"><img decoding=\"async\" loading=\"lazy\" alt=\"\" src=\"http:\/\/sanagustin.org\/images\/web.jpg\" width=\"20\" height=\"20\" align=\"top\" border=\"0\" hspace=\"4\" \/>Mas informaci\u00f3n&#8230;<\/a><\/p>\n","protected":false},"excerpt":{"rendered":"<p>Los Convenios de Colaboraci\u00f3n Institucional son las herramientas que la Orden de San Agust\u00edn ha dispuesto desde la BIBCISAO para agilizar las tareas emprendidas y dialogar con el resto de los protagonistas de la actualidad acad\u00e9mica relacionada al quehacer e inter\u00e9s del espacio de escritura, lectura e Investigaci\u00f3n. Esto ha promovido que Proyectos como el [&hellip;]<\/p>\n","protected":false},"author":2,"featured_media":0,"parent":0,"menu_order":0,"comment_status":"open","ping_status":"open","template":"","meta":[],"_links":{"self":[{"href":"http:\/\/sanagustin.org\/word\/wp-json\/wp\/v2\/pages\/397"}],"collection":[{"href":"http:\/\/sanagustin.org\/word\/wp-json\/wp\/v2\/pages"}],"about":[{"href":"http:\/\/sanagustin.org\/word\/wp-json\/wp\/v2\/types\/page"}],"author":[{"embeddable":true,"href":"http:\/\/sanagustin.org\/word\/wp-json\/wp\/v2\/users\/2"}],"replies":[{"embeddable":true,"href":"http:\/\/sanagustin.org\/word\/wp-json\/wp\/v2\/comments?post=397"}],"version-history":[{"count":4,"href":"http:\/\/sanagustin.org\/word\/wp-json\/wp\/v2\/pages\/397\/revisions"}],"predecessor-version":[{"id":401,"href":"http:\/\/sanagustin.org\/word\/wp-json\/wp\/v2\/pages\/397\/revisions\/401"}],"wp:attachment":[{"href":"http:\/\/sanagustin.org\/word\/wp-json\/wp\/v2\/media?parent=397"}],"curies":[{"name":"wp","href":"https:\/\/api.w.org\/{rel}","templated":true}]}}