{"id":402,"date":"2015-05-29T15:05:52","date_gmt":"2015-05-29T15:05:52","guid":{"rendered":"http:\/\/sanagustin.org\/word\/?page_id=402"},"modified":"2015-05-29T15:12:36","modified_gmt":"2015-05-29T15:12:36","slug":"extension-cultural","status":"publish","type":"page","link":"http:\/\/sanagustin.org\/word\/extension-cultural\/","title":{"rendered":"Extensi\u00f3n Cultural"},"content":{"rendered":"<h3>A\u00f1o 2012<\/h3>\n<h4>Agosto<\/h4>\n<p><a href=\"http:\/\/investigacionagustiniana.blogspot.com.ar\/2012\/08\/viii-semanaagustiniana-de-pensamiento.html\" target=\"_blank\"><strong>VIII Semana Agustiniana de Pensamiento<\/strong><\/a> Del 6 al 10 de agosto de 2012.<\/p>\n<h3>A\u00f1o 2011<\/h3>\n<h4>Octubre<\/h4>\n<p><a href=\"http:\/\/investigacionagustiniana.blogspot.com.ar\/2011\/10\/06-y-07-de-octubre-1400hs-ii-jornadas.html\" target=\"_blank\"><strong>II Jornadas de Estudios Patr\u00edsticos<\/strong><\/a> &#8211; 6 y 7 de octubre de 2011<\/p>\n<h4>Agosto<\/h4>\n<p><a href=\"http:\/\/investigacionagustiniana.blogspot.com.ar\/2011\/05\/vii-semana-agustiniana-de-pensamiento.html\" target=\"_blank\"><strong>VII Semana Agustiniana de Pensamiento<\/strong><\/a> Del 8 al 12 de agosto de 2011<\/p>\n<p>A\u00d1O<\/p>\n<h3>2009<\/h3>\n<h4>Diciembre<\/h4>\n<p><strong>Jornada Patr\u00edstica<\/strong> <a href=\"http:\/\/sanagustin.org\/descargas\/JEPatristicaI.pdf\" target=\"_blank\">(Ver el programa de la Jornada) <\/a><br \/>\nD\u00eda 4 de diciembre &#8211; 14:00hs &#8211; Avda. Nazca 3939 &#8211; Bs.As.<br \/>\nEntrada gratu\u00edta<\/p>\n<p><img decoding=\"async\" alt=\"Patrolog\u00eda\" src=\"http:\/\/sanagustin.org\/fotos\/Biblio\/JEPatristicosI.jpg\" longdesc=\"I Jornada Patrologia\" \/><\/p>\n<h4>Noviembre<\/h4>\n<p><strong>Concierto de folclore<\/strong><br \/>\n29 de Noviembre &#8211; Las Heras 2560<\/p>\n<p><img decoding=\"async\" alt=\"Concierto\" src=\"http:\/\/sanagustin.org\/fotos\/Biblio\/Concierto29Nov.jpg\" longdesc=\"Concierto noviembre\" \/><\/p>\n<p>&nbsp;<\/p>\n<p><strong>ACTIVIDAD DE EXTENSI\u00d3N CULTURAL<\/strong><br \/>\n28 de Noviembre &#8211; Biblioteca \u00abSan Alonso de Orozco\u00bb &#8211; Nazca 3939 &#8211; 18:00hs<\/p>\n<p><img decoding=\"async\" alt=\"Cultural\" src=\"http:\/\/sanagustin.org\/fotos\/Biblio\/Cafefilosofico2.jpg\" longdesc=\"Actividad de extensi\u00f3n cultural\" \/><\/p>\n<p><strong>CAF\u00c9 FILOS\u00d3FICO<\/strong><br \/>\n21 de Noviembre &#8211; San Mart\u00edn de Tours, 2959<\/p>\n<p><img decoding=\"async\" alt=\"filos\u00f3fico\" src=\"http:\/\/sanagustin.org\/fotos\/Biblio\/CafeFilosofico01.gif\" longdesc=\"Cafe filos\u00f3fico\" \/><\/p>\n<h4>Noviembre &#8211; Diciembre<\/h4>\n<p><strong>II Muestra de Libros Antiguos y Raros del patrimonio Bibliografico de la Orden de San Agustin<\/strong><br \/>\nDel 31 de octubre al 8 de noviembre en la parroquia San Mart\u00edn de Tours, organizado por la bibliteca y Centro de Investigaciones San Alonzo de Orozco de la Orden de San Agust\u00edn.<\/p>\n<p><img decoding=\"async\" alt=\"http:\/\/sanagustin.org\/fotos\/gal5\/M_1.jpg\" src=\"http:\/\/sanagustin.org\/fotos\/gal5\/M_1.jpg\" \/><\/p>\n<h4>Septiembre<\/h4>\n<p><strong>Programaci\u00f3n primavera-verano 2009 <\/strong> <a href=\"http:\/\/sanagustin.org\/descargas\/PROGRAMACION%20PRIMAVERA.pdf\" target=\"_blank\">Ver programa<\/a><\/p>\n<h3>A\u00d1O 2008<\/h3>\n<h4>Septiembre<\/h4>\n<p><strong>Sextas Jornadas Internacionales de Historia de Espa\u00f1a <\/strong><\/p>\n<p>Fundaci\u00f3n para la Historia de Espa\u00f1a organiz\u00f3 estas jornadas que se llevaron a cabo el 4 y 5 de septiembre en el Auditorio San Agust\u00edn.<br \/>\nLos conferencistas invitados fueron el Dr. Jos\u00e9 Mar\u00eda Hinojosa Montalvo de la Universidad de Alicante y el Dr. Virgilio Pinto Crespo de la Universidad Aut\u00f3noma de Madrid.<\/p>\n<p><strong>II Simposio Internacional sobre Religiosidad, Cultura y Poder<\/strong><\/p>\n<p>Esta reuni\u00f3n de intercambio de avances y resultados de investigaciones originales fue organizada por el <strong>GERE,<\/strong> Grupo de Estudios sobre Religiosidad y Evangelizaci\u00f3n, perteneciente al Programa de Historia de Am\u00e9rica Latina (<strong>PROHAL<\/strong>) del Instituto de Historia Argentina y Americana \u201cDr. Emilio Ravignani\u201d, Universidad de Buenos Aires.<br \/>\nSe realiz\u00f3 del 27 al 29 de agosto de 2008 en el Auditorio San Agust\u00edn<\/p>\n<p>Cont\u00f3 con el aval acad\u00e9mico de la <strong>Facultad de Filosof\u00eda y Letras (UBA),<\/strong> de la <strong>\u00c9cole des Hautes \u00c9tudes en Sciences Sociales (EHESS) de Par\u00eds<\/strong>, y de la <strong>Escuela Nacional de Antropolog\u00eda e Historia del INAH (M\u00e9xico),<\/strong> y se realiz\u00f3 gracias a un subsidio otorgado por la <strong>Agencia Nacional de Promoci\u00f3n Cient\u00edfica y Tecnol\u00f3gica (ANPCyT) <\/strong>de Argentina.<\/p>\n<p><strong>Ejes tem\u00e1ticos sugeridos fueron:<\/strong><\/p>\n<ul>\n<li>Arte y religi\u00f3n: Usos y funciones de las im\u00e1genes, literatura y m\u00fasica religiosas.<\/li>\n<li>Religiosidad y heterodoxias en la Edad Media y la Modernidad.<\/li>\n<li>Las mujeres en los espacios religiosos: discursos, pr\u00e1cticas y representaciones.<\/li>\n<li>Misiones, evangelizaci\u00f3n y educaci\u00f3n religiosa.<\/li>\n<li>Migraci\u00f3n, transformaci\u00f3n y surgimiento de devociones regionales o locales.<\/li>\n<li>Imaginarios religiosos, ritualizaciones y escenarios.<\/li>\n<li>Clero y sociedad: conflictos y mediaciones.<\/li>\n<\/ul>\n<h4>Abril &#8211; Mayo<\/h4>\n<p><strong>I Muestra de Libros Antiguos y Raros del patrimonio Bibliografico de la Orden de San Agustin<\/strong><br \/>\nDel 23 de abril al 17 de mayo en la parroquia San Agust\u00edn, organizado por la bibliteca y Centro de Investigaciones San Alonzo de Orozco de la Orden de San Agust\u00edn.<img decoding=\"async\" alt=\"\" src=\"http:\/\/sanagustin.org\/fotos\/gal5\/8.jpg\" height=\"300\" \/><\/p>\n<p><img decoding=\"async\" alt=\"\" src=\"http:\/\/sanagustin.org\/fotos\/gal5\/1.jpg\" height=\"300\" \/><\/p>\n","protected":false},"excerpt":{"rendered":"<p>A\u00f1o 2012 Agosto VIII Semana Agustiniana de Pensamiento Del 6 al 10 de agosto de 2012. A\u00f1o 2011 Octubre II Jornadas de Estudios Patr\u00edsticos &#8211; 6 y 7 de octubre de 2011 Agosto VII Semana Agustiniana de Pensamiento Del 8 al 12 de agosto de 2011 A\u00d1O 2009 Diciembre Jornada Patr\u00edstica (Ver el programa de [&hellip;]<\/p>\n","protected":false},"author":2,"featured_media":0,"parent":0,"menu_order":0,"comment_status":"open","ping_status":"open","template":"","meta":[],"_links":{"self":[{"href":"http:\/\/sanagustin.org\/word\/wp-json\/wp\/v2\/pages\/402"}],"collection":[{"href":"http:\/\/sanagustin.org\/word\/wp-json\/wp\/v2\/pages"}],"about":[{"href":"http:\/\/sanagustin.org\/word\/wp-json\/wp\/v2\/types\/page"}],"author":[{"embeddable":true,"href":"http:\/\/sanagustin.org\/word\/wp-json\/wp\/v2\/users\/2"}],"replies":[{"embeddable":true,"href":"http:\/\/sanagustin.org\/word\/wp-json\/wp\/v2\/comments?post=402"}],"version-history":[{"count":5,"href":"http:\/\/sanagustin.org\/word\/wp-json\/wp\/v2\/pages\/402\/revisions"}],"predecessor-version":[{"id":409,"href":"http:\/\/sanagustin.org\/word\/wp-json\/wp\/v2\/pages\/402\/revisions\/409"}],"wp:attachment":[{"href":"http:\/\/sanagustin.org\/word\/wp-json\/wp\/v2\/media?parent=402"}],"curies":[{"name":"wp","href":"https:\/\/api.w.org\/{rel}","templated":true}]}}