{"id":410,"date":"2015-05-29T15:13:27","date_gmt":"2015-05-29T15:13:27","guid":{"rendered":"http:\/\/sanagustin.org\/word\/?page_id=410"},"modified":"2015-05-29T15:14:43","modified_gmt":"2015-05-29T15:14:43","slug":"recursos-electronicos","status":"publish","type":"page","link":"http:\/\/sanagustin.org\/word\/recursos-electronicos\/","title":{"rendered":"Recursos Electr\u00f3nicos"},"content":{"rendered":"<h4>Organismos y Bibliotecas Nacionales y Extranjeras.<\/h4>\n<section id=\"caja\">\n<article><a href=\"http:\/\/www.culto.gov.ar\/\" target=\"_blank\">Secretaria de Culto de la Rep\u00fablica Argentina<\/a><br \/>\n<a href=\"http:\/\/www.cea.org.ar\/04-oficina\/index_oficina.htm\" target=\"_blank\">Conferencia Episcopal Argentina \u2013 Oficina del Libro<\/a><br \/>\n<a href=\"http:\/\/www.bnm.me.gov.ar\/\" target=\"_blank\">Biblioteca Nacional del Maestro<\/a><br \/>\n<a href=\"http:\/\/www.bn.gov.ar\/\" target=\"_blank\">Biblioteca Nacional<\/a><br \/>\n<a href=\"http:\/\/www.bcnbib.gov.ar\/\" target=\"_blank\">Biblioteca del Congreso de la Naci\u00f3n Argentina<\/a><br \/>\n<a href=\"http:\/\/www.fondoantiguo.org\/\" target=\"_blank\">Fondo Antiguo Campania de Jes\u00fas: Laboratorio de Conservaci\u00f3n<\/a><br \/>\n<a href=\"http:\/\/www.biblioangelica.it\/angelica\/Angelica\/home.jsp\" target=\"_blank\">Biblioteca Ang\u00e9lica \u2013 Fundada por FR. Angelo Rocca, OSA<\/a><br \/>\n<a href=\"http:\/\/www.bne.es\/es\/Inicio\/index.html\" target=\"_blank\">Biblioteca Nacional de Espa\u00f1a<\/a><br \/>\n<a href=\"http:\/\/warburg.sas.ac.uk\/\" target=\"_blank\">Biblioteca del Instituto Warburg de la Univ de Londres<\/a><br \/>\n<a href=\"http:\/\/www2.uca.edu.ar\/uca\/index.php\/site\/index\/es\/universidad\/facultades\/buenos-aires\/teologia\/biblioteca\/\" target=\"_blank\">Biblioteca de la Universidad Cat\u00f3lica Argentina \u2013 Facultad de Teolog\u00eda<\/a><\/p>\n<\/article>\n<\/section>\n<section id=\"caja\">\n<article><\/article>\n<\/section>\n<h4>Algunos Agustinos destacados.<\/h4>\n<section id=\"caja\">\n<article><a href=\"http:\/\/plato.stanford.edu\/entries\/gregory-rimini\/\" target=\"_blank\">Gregorio de Rimini, OSA<\/a><br \/>\n<a href=\"http:\/\/www.cervantesvirtual.com\/bib_autor\/frayluisdeleon\/\" target=\"_blank\">Fray Luis de Leon<\/a><br \/>\n<a href=\"http:\/\/www.andresurdaneta.org\/antcatalogo.asp?nombre=1750&amp;hoja=0&amp;sesion=1\" target=\"_blank\">Andres de Urdaneta<\/a><br \/>\n<a href=\"http:\/\/www.mendelweb.org\/Mendel.html\" target=\"_blank\">Gregorio Mendel<\/a><\/p>\n<\/article>\n<\/section>\n<section id=\"caja\">\n<article><\/article>\n<\/section>\n<h4>Algunos Institutos de Investigaci\u00f3n Agustinianos destacados.<\/h4>\n<section id=\"caja\">\n<article><a href=\"http:\/\/www.patristicum.org\/\" target=\"_blank\">Instituto Patristicum<\/a><br \/>\n<a href=\"http:\/\/www.icp.fr\/fr\/Bibliotheques\/Bibliotheques-specialisees\/Etudes-augustiniennes-IEA\" target=\"_blank\">Institut Etudes Augustiniennes \u2013 Par\u00eds<\/a><br \/>\n<a href=\"http:\/\/www.rcumariacristina.com\/esp\/general.php?idApa=43\" target=\"_blank\">Real Centro Universitario de El Escorial \u2013 Maria Cristina<\/a><br \/>\n<a href=\"http:\/\/www.augustijnsinstituut.nl\/\" target=\"_blank\">Instituto Agustiniano de Eindhoven<\/a><br \/>\n<a href=\"http:\/\/www.villanova.edu\/artsci\/ahi\/\" target=\"_blank\">Augustinian Historical Institute<\/a><br \/>\n<a href=\"http:\/\/www.villanova.edu\/artsci\/augustinianinstitute\/\" target=\"_blank\">Augustinian Institute \u2013 Villanova University EUA<\/a><br \/>\n<a href=\"http:\/\/augustiniana.augustijnen.be\/wp\/\" target=\"_blank\">Augustijns Historisch Instituut<\/a><br \/>\n<a href=\"http:\/\/www.augustinus.de\/bwo\/dcms\/sites\/bistum\/extern\/zfa\/index.html\" target=\"_blank\">AugustinusForschung Wurzburg<\/a><br \/>\n<a href=\"http:\/\/www.avgvstinvs.org\/Default.htm\" target=\"_blank\">Instituto de Agustinologia OAR &#8211; Augustinus<\/a><br \/>\n<a href=\"http:\/\/www.augnet.org\/default.asp\" target=\"_blank\">AUGNET.ORG<\/a><br \/>\n<a href=\"http:\/\/www.findingaugustinians.org\/en.aspx\" target=\"_blank\">Historical Bibliography of the Augustinian Orders<\/a><br \/>\n<a href=\"http:\/\/www.findingaugustine.org\/\" target=\"_blank\">Banco de Datos Augustiniana<\/a><br \/>\n<a href=\"http:\/\/www4.bibl.ulaval.ca\/bd\/bibp\/\" target=\"_blank\">Banco de Datos \u2013 Informaci\u00f3n patr\u00edstica en franc\u00e9s<\/a><br \/>\n<a href=\"http:\/\/ordensgeschichte.hypotheses.org\/\" target=\"_blank\">Ordensgeschichte Comunidad interdisciplinaria referida a la Historia de Monasterios y Vida Religiosa<\/a><\/p>\n<\/article>\n<\/section>\n<section id=\"caja\">\n<article><\/article>\n<\/section>\n<h4>Revistas Electr\u00f3nicas.<\/h4>\n<p>Aqu\u00ed brindamos algunos enlaces de portales con revistas Electr\u00f3nicas de acceso p\u00fablico &#8211; y en alguno de los casos gratuito &#8211; referidas en su mayor\u00eda a los intereses principales de la Biblioteca.<\/p>\n<p><a href=\"http:\/\/documents.irevues.inist.fr\/handle\/2042\/1\" target=\"_blank\">I-Revue Revue d\u00b4Etudes Augustiniennes et Patristiques<\/a><br \/>\n<a href=\"http:\/\/www.erevistas.csic.es\/index.php\" target=\"_blank\">CSIC \u2013 Espa\u00f1a<\/a><br \/>\n<a href=\"http:\/\/www.redalyc.org\/\" target=\"_blank\">REDALYC<\/a><br \/>\n<a href=\"http:\/\/www.ucm.es\/BUCM\/revistasBUC\/portal\/modules.php?name=Revistas2_Autor&amp;id=CUHD\" target=\"_blank\">Portal de Revistas Cientificas Complutenses<\/a><br \/>\n<a href=\"http:\/\/www.medievalismo.org\/revistas\/revistas\/edadmedia.htm\" target=\"_blank\">Medievalismo.org<\/a><br \/>\n<a href=\"http:\/\/www.latindex.org\/\" target=\"_blank\">LATINDEX<\/a><br \/>\n<a href=\"http:\/\/www.erevistas.csic.es\/index.php\" target=\"_blank\">E-REVISTAS REVISTAS ELECTRONICAS CIENTIFICAS DE ESPA\u00d1A Y LATINOAMERICA<\/a><br \/>\n<a href=\"http:\/\/dialnet.unirioja.es\/\" target=\"_blank\">DIALNET<\/a><br \/>\n<a href=\"http:\/\/www.scielo.org\/php\/index.php?lang=es\" target=\"_blank\">SCIELO<\/a><br \/>\n<a href=\"http:\/\/www.brepols.net\/publishers\/periodicals.htm\" target=\"_blank\">BREPOLS PERIODICALS<\/a> <a href=\"http:\/\/www.augustiniana.net\/\" target=\"_blank\">Journal Augustiniana (ISSN 0004-8003)<\/a><br \/>\n<a href=\"http:\/\/dialnet.unirioja.es\/servlet\/revista?codigo=19565\" target=\"_blank\">ETIAM Revista Agustiniana de Pensamiento ISSN 1851-2682<\/a><br \/>\n<a href=\"http:\/\/www.surco.org\/cuadmon\" target=\"_blank\">Conferencia de Comunidades Monasticas del Cono Sur &#8211; Cuadernos Monasticos<\/a><\/p>\n","protected":false},"excerpt":{"rendered":"<p>Organismos y Bibliotecas Nacionales y Extranjeras. Secretaria de Culto de la Rep\u00fablica Argentina Conferencia Episcopal Argentina \u2013 Oficina del Libro Biblioteca Nacional del Maestro Biblioteca Nacional Biblioteca del Congreso de la Naci\u00f3n Argentina Fondo Antiguo Campania de Jes\u00fas: Laboratorio de Conservaci\u00f3n Biblioteca Ang\u00e9lica \u2013 Fundada por FR. Angelo Rocca, OSA Biblioteca Nacional de Espa\u00f1a Biblioteca [&hellip;]<\/p>\n","protected":false},"author":2,"featured_media":0,"parent":0,"menu_order":0,"comment_status":"open","ping_status":"open","template":"","meta":[],"_links":{"self":[{"href":"http:\/\/sanagustin.org\/word\/wp-json\/wp\/v2\/pages\/410"}],"collection":[{"href":"http:\/\/sanagustin.org\/word\/wp-json\/wp\/v2\/pages"}],"about":[{"href":"http:\/\/sanagustin.org\/word\/wp-json\/wp\/v2\/types\/page"}],"author":[{"embeddable":true,"href":"http:\/\/sanagustin.org\/word\/wp-json\/wp\/v2\/users\/2"}],"replies":[{"embeddable":true,"href":"http:\/\/sanagustin.org\/word\/wp-json\/wp\/v2\/comments?post=410"}],"version-history":[{"count":4,"href":"http:\/\/sanagustin.org\/word\/wp-json\/wp\/v2\/pages\/410\/revisions"}],"predecessor-version":[{"id":484,"href":"http:\/\/sanagustin.org\/word\/wp-json\/wp\/v2\/pages\/410\/revisions\/484"}],"wp:attachment":[{"href":"http:\/\/sanagustin.org\/word\/wp-json\/wp\/v2\/media?parent=410"}],"curies":[{"name":"wp","href":"https:\/\/api.w.org\/{rel}","templated":true}]}}