{"id":44,"date":"2015-04-27T15:57:14","date_gmt":"2015-04-27T15:57:14","guid":{"rendered":"http:\/\/sanagustin.org\/word\/?page_id=44"},"modified":"2015-04-27T16:00:30","modified_gmt":"2015-04-27T16:00:30","slug":"san-agustin-obra","status":"publish","type":"page","link":"http:\/\/sanagustin.org\/word\/san-agustin-obra\/","title":{"rendered":"San Agust\u00edn | OBRA"},"content":{"rendered":"<h3>Biogr\u00e1ficas<\/h3>\n<p>1.Confesiones.<br \/>\n2.Vida de San Agust\u00edn, escrita por San Posidio.<\/p>\n<h3>Escritos filos\u00f3ficos<\/h3>\n<p>3. Soliloquios.<br \/>\n4. La vida feliz.<br \/>\n5. El orden.<br \/>\n6. Contra los acad\u00e9micos.<br \/>\n7. El libre albedr\u00edo.<br \/>\n8. La dimensi\u00f3n del alma.<br \/>\n9. El maestro.<br \/>\n10. Naturaleza y origen del alma.<br \/>\n11. Naturaleza del bien.<\/p>\n<h3>Escritos en defensa de la fe<\/h3>\n<p>12. La verdadera religi\u00f3n.<br \/>\n13. Las costumbres de la Iglesia y las de los maniqueos.<br \/>\n14. Manual de fe, esperanza y caridad.<br \/>\n15. Carta a los cat\u00f3licos sobre la secta donatista (La unidad de la Iglesia).<br \/>\n16. La fe en lo que no vemos.<br \/>\n17. Utilidad de la fe.<br \/>\n18. La Trinidad.<br \/>\n19. La ciudad de Dios<\/p>\n<h3>Escritos sobre la gracia divina y la libertad humana<\/h3>\n<p>20. Tratados sobre la gracia.<br \/>\n21. El esp\u00edritu y la letra.<br \/>\n22. La naturaleza y la gracia.<br \/>\n23. La gracia de Jesucristo y el pecado origina1.<br \/>\n24. La gracia y el libre albedr\u00edo.<br \/>\n25. La correcci\u00f3n y la gracia.<br \/>\n26. La predestinaci\u00f3n de los santos.<br \/>\n27. El don de la perseverancia.<br \/>\n28. Cuestiones diversas a Simpliciano.<br \/>\n29. Consecuencias y perd\u00f3n de los pecados, y el bautismo de los ni\u00f1os.<br \/>\n30. R\u00e9plica a las dos cartas de los pelagianos.<br \/>\n31. Las actas del proceso a Pelagio.<br \/>\n32. La perfecci\u00f3n de la justicia del hombre.<br \/>\n33. El matrimonio y la concupiscencia.<br \/>\n34. R\u00e9plica a Juliano (obra inacabada).<br \/>\n396 Sermones al pueblo de Dios<br \/>\n35. 1-50: Sobre el Antiguo Testamento.<br \/>\n36. 51-116: Sobre los evangelios sin\u00f3pticos.<br \/>\n37. 117-183: Sobre el Evangelio de San Juan, Hechos y Cartas de los Ap\u00f3stoles.<br \/>\n38. 184-272 B: Sobre los tiempos lit\u00fargicos.<br \/>\n39. 273-338: Sobre los m\u00e1rtires.<br \/>\n40. 339-396: Sobre temas diversos.<br \/>\n270 Cartas<\/p>\n<h3>Escritos sobre temas morales<\/h3>\n<p>41. La bondad del matrimonio.<br \/>\n42. La santa virginidad.<br \/>\n43. La bondad de la viudez.<br \/>\n44. La continencia.<br \/>\n45. Las uniones adulterinas.<br \/>\n46. La paciencia.<br \/>\n47. El combate cristiano.<br \/>\n48. La mentira.<br \/>\n49. Contra la mentira.<br \/>\n50. El trabajo de los monjes.<br \/>\n51. El Serm\u00f3n de la Monta\u00f1a.<br \/>\nEscritos de exhortaci\u00f3n y meditaci\u00f3n<br \/>\n52. Tratados sobre el Evangelio de San Juan.<br \/>\n53. Comentarios a los salmos.<\/p>\n<h3><strong>\u00a0Escritos B\u00edblicos<\/strong><\/h3>\n<p>54. La doctrina cristiana.<br \/>\n55. Comentario al G\u00e9nesis en r\u00e9plica a los maniqueos.<br \/>\n56. Comentario literal al G\u00e9nesis (incompleto).<br \/>\n57. Comentario literal al G\u00e9nesis.<br \/>\n58. Exposici\u00f3n de algunos textos de la Carta a los Romanos.<br \/>\n59. Exposici\u00f3n incoada de la Carta a los Romanos.<br \/>\n60. Exposici\u00f3n de la Carta a los G\u00e1latas.<br \/>\n61. Tratados sobre la Primera Carta de San Juan.<br \/>\n62. Diecisiete pasajes del Evangelio de San Mateo.<br \/>\n63. Expresiones del Heptateuco.<br \/>\n64. Espejo de la Sagrada Escritura.<br \/>\n65. Ocho cuestiones del Antiguo Testamento.<br \/>\n66. Cuestiones sobre el Heptateuco.<br \/>\n67. Anotaciones al libro de Job.<br \/>\n68. Concordancia de los evangelistas.<\/p>\n<h3>Escritos sobre el mal en la creaci\u00f3n y en el hombre<\/h3>\n<p>69. Las dos almas del hombre.<br \/>\n70. Actas del debate contra el maniqueo Fortunato.<br \/>\n71. R\u00e9plica a Adimanto, disc\u00edpulo de Man\u00e9s.<br \/>\n72. R\u00e9plica a la carta de Man\u00e9s, llamada \u00abdel Fundamento\u00bb.<br \/>\n73. Actas del debate con el maniqueo F\u00e9lix.<br \/>\n74. Respuesta al maniqueo Secundino.<br \/>\n75. R\u00e9plica a Fausto, el maniqueo.<\/p>\n<h3>Escritos en defensa de la unidad de la Iglesia y la v\u00e1lida celebraci\u00f3n de los sacramentos<\/h3>\n<p>76. Salmo contra la secta de Donato.<br \/>\n77. R\u00e9plica a la carta de Parmeniano.<br \/>\n78. Tratado sobre el bautismo.<br \/>\n79. Resumen del debate con los donatistas.<br \/>\n80. R\u00e9plica a las cartas de Petiliano.<br \/>\n81. El \u00fanico bautismo (R\u00e9plica a Petiliano).<br \/>\n82. Mensaje a los donatistas despu\u00e9s del debate.<br \/>\n83. Serm\u00f3n a los fieles de la Iglesia de Cesarea.<br \/>\n84. Carta a los cat\u00f3licos sobre la secta donatista (La unidad de la Iglesia).<br \/>\n85. R\u00e9plica al gram\u00e1tico Cresconio, donatista.<br \/>\n86. Actas del debate con el donatista Em\u00e9rito.<br \/>\n87. R\u00e9plica a Gaudencio, obispo donatista.<\/p>\n<h3>Escritos en defensa de la divinidad de Jesucristo, la encarnaci\u00f3n, la muerte y resurrecci\u00f3n<\/h3>\n<p>88. Las herej\u00edas, dedicado a Quodvultdeo.<br \/>\n89. Serm\u00f3n de los arrianos.<br \/>\n90. R\u00e9plica al serm\u00f3n de los arrianos.<br \/>\n91. Debate con Maximino, obispo arriano.<br \/>\n92. R\u00e9plica al mismo Maximino, arriano.<br \/>\n93. A Orosio, contra los priscilianistas y origenistas.<br \/>\n94. R\u00e9plica al adversario de la Ley y los Profetas.<br \/>\n95. Tratado contra los jud\u00edos.<\/p>\n<h3>Escritos varios<\/h3>\n<p>96. La inmortalidad del alma.<br \/>\n97. La m\u00fasica.<br \/>\n98. La fe y el S\u00edmbolo de los ap\u00f3stoles.<br \/>\n99. La catequesis a principiantes.<br \/>\n100. La fe y las obras.<br \/>\n101. Serm\u00f3n sobre la disciplina cristiana.<br \/>\n102. Serm\u00f3n a los catec\u00famenos sobre el S\u00edmbolo de los ap\u00f3stoles.<br \/>\n103. Ochenta y tres cuestiones diversas.<br \/>\n104. La adivinaci\u00f3n diab\u00f3lica.<br \/>\n105. Respuesta a las ocho preguntas de Dulcicio.<br \/>\n106. La piedad con los difuntos.<br \/>\n107. La utilidad del ayuno.<br \/>\n108. La devastaci\u00f3n de Roma.<br \/>\n109. Regla a los siervos de Dios.<br \/>\n110. Las Revisiones.<br \/>\n111. Cat\u00e1logo de los libros, tratados y cartas de San Agust\u00edn, editado por San Posidio.<\/p>\n<h3>Escritos que le son atribuidos<\/h3>\n<p>112. La fe, libro dedicado a Pedro.<br \/>\n113. El esp\u00edritu y el alma.<br \/>\n114. El amor a Dios.<br \/>\n115. Meditaciones.<br \/>\n116. Manual de elevaci\u00f3n espiritual.<br \/>\n117. La escala del para\u00edso.<br \/>\n118. Combate entre los vicios y las virtudes.<br \/>\n119. Salterio (compuesto para su madre).<br \/>\n120. Tratado sobre la Asunci\u00f3n de Mar\u00eda.<br \/>\n121. Debate entre la Iglesia y la Sinagoga.<br \/>\n122. Los dogmas de la Iglesia.<br \/>\n123. Defensa de Agust\u00edn por Pr\u00f3spero de Aquitania.<br \/>\n124. Sentencias de San Agust\u00edn recopiladas por Pr\u00f3spero de Aquitania.<\/p>\n","protected":false},"excerpt":{"rendered":"<p>Biogr\u00e1ficas 1.Confesiones. 2.Vida de San Agust\u00edn, escrita por San Posidio. Escritos filos\u00f3ficos 3. Soliloquios. 4. La vida feliz. 5. El orden. 6. Contra los acad\u00e9micos. 7. El libre albedr\u00edo. 8. La dimensi\u00f3n del alma. 9. El maestro. 10. Naturaleza y origen del alma. 11. Naturaleza del bien. Escritos en defensa de la fe 12. La [&hellip;]<\/p>\n","protected":false},"author":2,"featured_media":0,"parent":0,"menu_order":0,"comment_status":"open","ping_status":"open","template":"","meta":[],"_links":{"self":[{"href":"http:\/\/sanagustin.org\/word\/wp-json\/wp\/v2\/pages\/44"}],"collection":[{"href":"http:\/\/sanagustin.org\/word\/wp-json\/wp\/v2\/pages"}],"about":[{"href":"http:\/\/sanagustin.org\/word\/wp-json\/wp\/v2\/types\/page"}],"author":[{"embeddable":true,"href":"http:\/\/sanagustin.org\/word\/wp-json\/wp\/v2\/users\/2"}],"replies":[{"embeddable":true,"href":"http:\/\/sanagustin.org\/word\/wp-json\/wp\/v2\/comments?post=44"}],"version-history":[{"count":2,"href":"http:\/\/sanagustin.org\/word\/wp-json\/wp\/v2\/pages\/44\/revisions"}],"predecessor-version":[{"id":47,"href":"http:\/\/sanagustin.org\/word\/wp-json\/wp\/v2\/pages\/44\/revisions\/47"}],"wp:attachment":[{"href":"http:\/\/sanagustin.org\/word\/wp-json\/wp\/v2\/media?parent=44"}],"curies":[{"name":"wp","href":"https:\/\/api.w.org\/{rel}","templated":true}]}}