{"id":55,"date":"2015-04-27T21:03:59","date_gmt":"2015-04-27T21:03:59","guid":{"rendered":"http:\/\/sanagustin.org\/word\/?page_id=55"},"modified":"2015-05-08T21:57:59","modified_gmt":"2015-05-08T21:57:59","slug":"agustinos-en-argentina","status":"publish","type":"page","link":"http:\/\/sanagustin.org\/word\/agustinos-en-argentina\/","title":{"rendered":"Agustinos en Argentina"},"content":{"rendered":"<h2 style=\"text-align: justify;\">Vicariato San Alonso de Orozco | Argentina y Uruguay<\/h2>\n<h3 style=\"text-align: justify;\">Un poco de Historia<\/h3>\n<p style=\"text-align: justify;\">La presencia de la Orden en la actual R. Argentina se remonta al siglo XVII. Sabemos que entre 1617 y 1626 agustinos de la jurisdicci\u00f3n de Chile evangelizaban en la regi\u00f3n de Cuyo, si bien la constituci\u00f3n can\u00f3nica de las primeras casas no se dio hasta 1642 en San Juan y 1657 en Mendoza. Dos agustinos ocuparon la sede episcopal de C\u00f3rdoba del Tucum\u00e1n durante este siglo: Fr. Melchor de Maldonado y Saavedra (1634-1661) y Fr. Nicol\u00e1s Hurtado de Ulloa (1679-1686), ambos criollos del Alto Per\u00fa. El siglo XVIII se caracteriz\u00f3 por el auge de la presencia agustiniana, con una vida apost\u00f3lica activa y pujante. En 1746 se determin\u00f3 habilitar el convento de San Juan como Casa de Estudios y Noviciado. Consta que en ella profesaron 54 religiosos hasta comienzos del siglo XIX: 47 de San Juan, 3 de Mendoza, 1 de San Luis y 3 chilenos. La Ley de Reforma de los Regulares, sancionada el 5 de Julio de 1823, y que ten\u00eda por objeto sujetar a la jurisdicci\u00f3n del Ordinario a todas las \u00d3rdenes Religiosas y convertir sus bienes en propiedad de la Naci\u00f3n, dio origen a un vertiginoso proceso de secularizaciones. Entre 1823 y 1825 los rescriptos de secularizaci\u00f3n concedidos a miembros de la Orden en Chile y Argentina fueron 83. En el convento de Santa M\u00f3nica de Mendoza tan s\u00f3lo quedaron dos religiosos, el \u00faltimo de los cuales, Fr. Jos\u00e9 Manuel Roco, falleci\u00f3 en 1835. En el convento de San Jos\u00e9 de San Juan, el \u00faltimo religioso fallecido fue Fr. Juan Antonio Gil de Oliva, el 4 de Enero de 1876, dando fin a la presencia de la Orden en Argentina. Los bienes fueron entregados por el Gobierno al Obispado de Cuyo.<\/p>\n<p style=\"text-align: justify;\"><a title=\"Un poco de historia\" href=\"http:\/\/sanagustin.org\/Documentos\/Unpocodehistoria.pdf\" target=\"_blank\">Art\u00edculo completo&#8230;<\/a><\/p>\n<h3 style=\"text-align: justify;\">Huellas Agustinianas en Argentina y Uruguay<\/h3>\n<p style=\"text-align: justify;\">El 22 de mayo de 1533 ancl\u00f3 la primera nave de misioneros agustinos en Am\u00e9rica, en San Juan de Ul\u00faa, frente a Veracruz, actual M\u00e9xico. Se abr\u00eda as\u00ed la envidiable p\u00e1gina agustiniana en la historia americana, cuarenta y un a\u00f1os despu\u00e9s del Descubrimiento. A esa primera expedici\u00f3n, le siguieron otras 56 a M\u00e9xico, Per\u00fa, Nueva Granada, Puerto Rico y Filipinas, donde los agustinos fueron los protagonistas exclusivos de su evangelizaci\u00f3n. Nunca fueron los agustinos compa\u00f1eros de viaje de la primera hornada en las distintas fases del descubrimiento americano.<\/p>\n<p style=\"text-align: justify;\"><a title=\"Huellas Agustinianas\" href=\"http:\/\/sanagustin.org\/Documentos\/HuellasAgustinianas.pdf\" target=\"_blank\">Art\u00edculo completo&#8230;<\/a><\/p>\n<h3 style=\"text-align: justify;\">Dos agustinos Obispos de C\u00f3rdoba del Tucum\u00e1n<\/h3>\n<p style=\"text-align: justify;\"><a href=\"http:\/\/sanagustin.org\/Documentos\/Maldonado%20de%20Saavedra%20-%20De%20Ulloa.pdf\" target=\"_blank\">Monse\u00f1or Melchor MALDONADO DE SAAVEDRA<\/a> | 5\u00b0 Obispo de C\u00f3rdoba del Tucum\u00e1n (1632-1661)<\/p>\n<p style=\"text-align: justify;\"><a href=\"http:\/\/sanagustin.org\/Documentos\/Maldonado%20de%20Saavedra%20-%20De%20Ulloa.pdf\" target=\"_blank\">Monse\u00f1or Fray Nicol\u00e1s DE ULLOA<\/a> | 7\u00ba Obispo de C\u00f3rdoba del Tucum\u00e1n (1679-1686)<\/p>\n<p style=\"text-align: justify;\"><object width=\"640\" height=\"360\" classid=\"clsid:d27cdb6e-ae6d-11cf-96b8-444553540000\" codebase=\"http:\/\/download.macromedia.com\/pub\/shockwave\/cabs\/flash\/swflash.cab#version=6,0,40,0\"><param name=\"menu\" value=\"false\" \/><param name=\"wmode\" value=\"opaque\" \/><param name=\"src\" value=\"http:\/\/sanagustin.org\/descargas\/presencia_arg.swf\" \/><embed width=\"640\" height=\"360\" type=\"application\/x-shockwave-flash\" src=\"http:\/\/sanagustin.org\/descargas\/presencia_arg.swf\" menu=\"false\" wmode=\"opaque\" \/><\/object><\/p>\n","protected":false},"excerpt":{"rendered":"<p>Vicariato San Alonso de Orozco | Argentina y Uruguay Un poco de Historia La presencia de la Orden en la actual R. Argentina se remonta al siglo XVII. Sabemos que entre 1617 y 1626 agustinos de la jurisdicci\u00f3n de Chile evangelizaban en la regi\u00f3n de Cuyo, si bien la constituci\u00f3n can\u00f3nica de las primeras casas [&hellip;]<\/p>\n","protected":false},"author":2,"featured_media":0,"parent":0,"menu_order":0,"comment_status":"open","ping_status":"open","template":"","meta":[],"_links":{"self":[{"href":"http:\/\/sanagustin.org\/word\/wp-json\/wp\/v2\/pages\/55"}],"collection":[{"href":"http:\/\/sanagustin.org\/word\/wp-json\/wp\/v2\/pages"}],"about":[{"href":"http:\/\/sanagustin.org\/word\/wp-json\/wp\/v2\/types\/page"}],"author":[{"embeddable":true,"href":"http:\/\/sanagustin.org\/word\/wp-json\/wp\/v2\/users\/2"}],"replies":[{"embeddable":true,"href":"http:\/\/sanagustin.org\/word\/wp-json\/wp\/v2\/comments?post=55"}],"version-history":[{"count":7,"href":"http:\/\/sanagustin.org\/word\/wp-json\/wp\/v2\/pages\/55\/revisions"}],"predecessor-version":[{"id":194,"href":"http:\/\/sanagustin.org\/word\/wp-json\/wp\/v2\/pages\/55\/revisions\/194"}],"wp:attachment":[{"href":"http:\/\/sanagustin.org\/word\/wp-json\/wp\/v2\/media?parent=55"}],"curies":[{"name":"wp","href":"https:\/\/api.w.org\/{rel}","templated":true}]}}