{"id":823,"date":"2015-06-25T13:12:39","date_gmt":"2015-06-25T13:12:39","guid":{"rendered":"http:\/\/sanagustin.org\/word\/?page_id=823"},"modified":"2024-04-22T21:28:43","modified_gmt":"2024-04-22T21:28:43","slug":"subsidios-liturgicos","status":"publish","type":"page","link":"http:\/\/sanagustin.org\/word\/subsidios-liturgicos\/","title":{"rendered":"Subsidios Lit\u00fargicos"},"content":{"rendered":"<p><a href=\"http:\/\/sanagustin.org\/word\/wp-content\/uploads\/2024\/04\/ENSENANOS-A-ORAR-Vivir-el-Ano-de-la-Oracion.pdf\">2024: A\u00f1o de la Oraci\u00f3n<\/a><\/p>\n<p><a href=\"http:\/\/sanagustin.org\/word\/wp-content\/uploads\/2024\/04\/ensenanos-a-orar.jpeg\"><img decoding=\"async\" loading=\"lazy\" class=\"alignnone size-medium wp-image-2669\" src=\"http:\/\/sanagustin.org\/word\/wp-content\/uploads\/2024\/04\/ensenanos-a-orar-206x300.jpeg\" alt=\"\" width=\"206\" height=\"300\" srcset=\"http:\/\/sanagustin.org\/word\/wp-content\/uploads\/2024\/04\/ensenanos-a-orar-206x300.jpeg 206w, http:\/\/sanagustin.org\/word\/wp-content\/uploads\/2024\/04\/ensenanos-a-orar.jpeg 267w\" sizes=\"(max-width: 206px) 100vw, 206px\" \/><\/a><\/p>\n<hr \/>\n<p><a href=\"http:\/\/sanagustin.org\/word\/wp-content\/uploads\/2024\/03\/mensaje-cuaresma-2024-Papa-Francisco.pdf\">Mensaje Cuaresma 2024 Papa Francisco<\/a><\/p>\n<p><a href=\"http:\/\/sanagustin.org\/word\/wp-content\/uploads\/2024\/03\/mensaje-cuaresma-2024-Papa-Francisco.pdf\"><img decoding=\"async\" loading=\"lazy\" class=\"alignnone\" src=\"https:\/\/desdelafe.mx\/wp-content\/uploads\/2024\/02\/MENSAJE-DE-CUARESMA-2024-2.png\" alt=\"Mensaje de Cuaresma del Papa Francisco 2024 | Desde la Fe\" width=\"309\" height=\"206\" \/><\/a><\/p>\n<hr \/>\n<p><a href=\"http:\/\/sanagustin.org\/word\/wp-content\/uploads\/2024\/03\/Misal-Agustiniano.pdf\">Misal Agustiniano<\/a><\/p>\n<p><a href=\"http:\/\/sanagustin.org\/word\/wp-content\/uploads\/2024\/03\/mensaje-cuaresma-2024-Papa-Francisco.pdf\"><img decoding=\"async\" loading=\"lazy\" class=\"\" src=\"https:\/\/agustinosrecoletos.org\/wp-content\/uploads\/2023\/11\/6109.jpg\" alt=\"Nuevo misal agustiniano - OAR \u2022 PSNT\" width=\"295\" height=\"448\" \/><\/a><\/p>\n<hr \/>\n<p><a href=\"http:\/\/sanagustin.org\/word\/wp-content\/uploads\/2024\/03\/Liturgia-de-Las-Horas.pdf\">Liturgia de Las Horas<\/a><\/p>\n<p><a href=\"http:\/\/sanagustin.org\/word\/wp-content\/uploads\/2024\/03\/Liturgia-de-Las-Horas.pdf\"><img decoding=\"async\" loading=\"lazy\" class=\"alignnone  wp-image-2566\" src=\"http:\/\/sanagustin.org\/word\/wp-content\/uploads\/2024\/03\/liturgia-de-las-horas.jpg\" alt=\"\" width=\"287\" height=\"406\" \/><\/a><\/p>\n<hr \/>\n<p><a href=\"http:\/\/sanagustin.org\/word\/wp-content\/uploads\/2024\/03\/Ritual-OSA-parte-1.pdf\">Ritual Orden San Agust\u00edn Parte 1<\/a><\/p>\n<p><a href=\"http:\/\/sanagustin.org\/word\/wp-content\/uploads\/2024\/03\/Ritual-OSA-parte-2.pdf\">Ritual Orden San Agust\u00edn parte 2<\/a><\/p>\n<p><a href=\"http:\/\/sanagustin.org\/word\/wp-content\/uploads\/2024\/03\/Caratula-ritual.png\"><img decoding=\"async\" loading=\"lazy\" class=\"alignnone size-medium wp-image-2571\" src=\"http:\/\/sanagustin.org\/word\/wp-content\/uploads\/2024\/03\/Caratula-ritual-300x300.png\" alt=\"\" width=\"300\" height=\"300\" srcset=\"http:\/\/sanagustin.org\/word\/wp-content\/uploads\/2024\/03\/Caratula-ritual-300x300.png 300w, http:\/\/sanagustin.org\/word\/wp-content\/uploads\/2024\/03\/Caratula-ritual.png 1024w, http:\/\/sanagustin.org\/word\/wp-content\/uploads\/2024\/03\/Caratula-ritual-150x150.png 150w, http:\/\/sanagustin.org\/word\/wp-content\/uploads\/2024\/03\/Caratula-ritual-768x768.png 768w, http:\/\/sanagustin.org\/word\/wp-content\/uploads\/2024\/03\/Caratula-ritual-109x109.png 109w, http:\/\/sanagustin.org\/word\/wp-content\/uploads\/2024\/03\/Caratula-ritual-100x100.png 100w\" sizes=\"(max-width: 300px) 100vw, 300px\" \/><\/a><\/p>\n<hr \/>\n<p><a href=\"http:\/\/sanagustin.org\/word\/wp-content\/uploads\/2024\/03\/SANTOS-Y-BEATOS-1.pdf\">SANTOS Y BEATOS DE LA FAMILIA AGUSTINIANA<\/a><\/p>\n<p><a href=\"http:\/\/sanagustin.org\/word\/wp-content\/uploads\/2024\/03\/Caratula-ritual-1.png\"><img decoding=\"async\" loading=\"lazy\" class=\"alignnone size-medium wp-image-2575\" src=\"http:\/\/sanagustin.org\/word\/wp-content\/uploads\/2024\/03\/Caratula-ritual-1-300x300.png\" alt=\"\" width=\"300\" height=\"300\" srcset=\"http:\/\/sanagustin.org\/word\/wp-content\/uploads\/2024\/03\/Caratula-ritual-1-300x300.png 300w, http:\/\/sanagustin.org\/word\/wp-content\/uploads\/2024\/03\/Caratula-ritual-1.png 1024w, http:\/\/sanagustin.org\/word\/wp-content\/uploads\/2024\/03\/Caratula-ritual-1-150x150.png 150w, http:\/\/sanagustin.org\/word\/wp-content\/uploads\/2024\/03\/Caratula-ritual-1-768x768.png 768w, http:\/\/sanagustin.org\/word\/wp-content\/uploads\/2024\/03\/Caratula-ritual-1-109x109.png 109w, http:\/\/sanagustin.org\/word\/wp-content\/uploads\/2024\/03\/Caratula-ritual-1-100x100.png 100w\" sizes=\"(max-width: 300px) 100vw, 300px\" \/><\/a><\/p>\n<hr \/>\n<p><a href=\"http:\/\/sanagustin.org\/word\/wp-content\/uploads\/2015\/06\/40-d\u00edas-con-Jes\u00fas-Gu\u00eda-para-entender-y-vivir-mejor-la-Cuaresma.pdf\">40 d\u00edas con Jes\u00fas &#8211; Gu\u00eda para entender y vivir mejor la Cuaresma<\/a><\/p>\n<p><a href=\"http:\/\/sanagustin.org\/word\/wp-content\/uploads\/2015\/06\/40-d%C3%ADas-con-Jes%C3%BAs-Gu%C3%ADa-para-entender-y-vivir-mejor-la-Cuaresma.pdf\"><img decoding=\"async\" loading=\"lazy\" class=\"alignnone size-medium wp-image-2088\" src=\"http:\/\/sanagustin.org\/word\/wp-content\/uploads\/2015\/06\/Post-Instagram-frases-motivacionales-300x300.png\" alt=\"Post Instagram frases motivacionales\" width=\"300\" height=\"300\" srcset=\"http:\/\/sanagustin.org\/word\/wp-content\/uploads\/2015\/06\/Post-Instagram-frases-motivacionales-300x300.png 300w, http:\/\/sanagustin.org\/word\/wp-content\/uploads\/2015\/06\/Post-Instagram-frases-motivacionales-150x150.png 150w, http:\/\/sanagustin.org\/word\/wp-content\/uploads\/2015\/06\/Post-Instagram-frases-motivacionales-109x109.png 109w, http:\/\/sanagustin.org\/word\/wp-content\/uploads\/2015\/06\/Post-Instagram-frases-motivacionales-100x100.png 100w, http:\/\/sanagustin.org\/word\/wp-content\/uploads\/2015\/06\/Post-Instagram-frases-motivacionales.png 1024w\" sizes=\"(max-width: 300px) 100vw, 300px\" \/><\/a><\/p>\n<hr \/>\n<p><a href=\"http:\/\/sanagustin.org\/word\/wp-content\/uploads\/2024\/03\/mensaje-cuaresma-2024-Papa-Francisco.pdf\">Subsidios lit\u00fargicos mensuales: (Editado por\u00a0Secretariado Nacional de Liturgia)<\/a><\/p>\n<p><a href=\"http:\/\/www.op.org\/sites\/www.op.org\/files\/public\/documents\/fichier\/directorio_homiletico-1.pdf\"><img decoding=\"async\" loading=\"lazy\" class=\"wp-image-955 size-medium\" src=\"http:\/\/sanagustin.org\/word\/wp-content\/uploads\/2015\/06\/Directorio-Homil\u00e9tico-300x180.jpg\" alt=\"Directorio Homil\u00e9tico\" width=\"300\" height=\"180\" srcset=\"http:\/\/sanagustin.org\/word\/wp-content\/uploads\/2015\/06\/Directorio-Homil\u00e9tico-300x180.jpg 300w, http:\/\/sanagustin.org\/word\/wp-content\/uploads\/2015\/06\/Directorio-Homil\u00e9tico.jpg 500w\" sizes=\"(max-width: 300px) 100vw, 300px\" \/><\/a><\/p>\n","protected":false},"excerpt":{"rendered":"<p>2024: A\u00f1o de la Oraci\u00f3n Mensaje Cuaresma 2024 Papa Francisco Misal Agustiniano Liturgia de Las Horas Ritual Orden San Agust\u00edn Parte 1 Ritual Orden San Agust\u00edn parte 2 SANTOS Y BEATOS DE LA FAMILIA AGUSTINIANA 40 d\u00edas con Jes\u00fas &#8211; Gu\u00eda para entender y vivir mejor la Cuaresma Subsidios lit\u00fargicos mensuales: (Editado por\u00a0Secretariado Nacional de [&hellip;]<\/p>\n","protected":false},"author":2,"featured_media":0,"parent":0,"menu_order":0,"comment_status":"open","ping_status":"open","template":"","meta":[],"_links":{"self":[{"href":"http:\/\/sanagustin.org\/word\/wp-json\/wp\/v2\/pages\/823"}],"collection":[{"href":"http:\/\/sanagustin.org\/word\/wp-json\/wp\/v2\/pages"}],"about":[{"href":"http:\/\/sanagustin.org\/word\/wp-json\/wp\/v2\/types\/page"}],"author":[{"embeddable":true,"href":"http:\/\/sanagustin.org\/word\/wp-json\/wp\/v2\/users\/2"}],"replies":[{"embeddable":true,"href":"http:\/\/sanagustin.org\/word\/wp-json\/wp\/v2\/comments?post=823"}],"version-history":[{"count":21,"href":"http:\/\/sanagustin.org\/word\/wp-json\/wp\/v2\/pages\/823\/revisions"}],"predecessor-version":[{"id":2673,"href":"http:\/\/sanagustin.org\/word\/wp-json\/wp\/v2\/pages\/823\/revisions\/2673"}],"wp:attachment":[{"href":"http:\/\/sanagustin.org\/word\/wp-json\/wp\/v2\/media?parent=823"}],"curies":[{"name":"wp","href":"https:\/\/api.w.org\/{rel}","templated":true}]}}