{"id":825,"date":"2015-06-25T13:13:43","date_gmt":"2015-06-25T13:13:43","guid":{"rendered":"http:\/\/sanagustin.org\/word\/?page_id=825"},"modified":"2021-08-13T00:41:40","modified_gmt":"2021-08-13T00:41:40","slug":"celebraciones","status":"publish","type":"page","link":"http:\/\/sanagustin.org\/word\/celebraciones\/","title":{"rendered":"Celebraciones"},"content":{"rendered":"<h4>Celebraciones lit\u00fargicas para la Solemnidad de SAN AGUST\u00cdN<\/h4>\n<h4><em>\u00a0NOVENA | LAURDES Y V\u00cdSPERAS | LITURG\u00cdA DE LA PALABRA<\/em><\/h4>\n<p><a href=\"http:\/\/sanagustin.org\/word\/wp-content\/uploads\/2015\/06\/LibroDevocionario2021-SanAgustin-completo.pdf\">LibroDevocionario2021-SanAgustin-completo<\/a><\/p>\n<p>&nbsp;<\/p>\n<p>&nbsp;<\/p>\n<h4>Jornada Nacional de Oraci\u00f3n por los fallecidos a causa de la pandemia de Covid-19 | 23 de Julio de 2021<\/h4>\n<p>En el marco de la Jornada Nacional de Oraci\u00f3n por los fallecidos a causa de la pandemia de Covid-19, convocada por la Conferencia Episcopal Argentina para el 23 de julio, el Secretariado Nacional de Liturgia (SENALI) prepar\u00f3 algunas propuestas para las celebraciones que vayan a realizarse este d\u00eda. Este material contempla algunas orientaciones para misas de difuntos que se realicen en esta Jornada y tambi\u00e9n un esquema de celebraci\u00f3n para hacerse en comunidad o en el \u00e1mbito familiar.<\/p>\n<p><a href=\"http:\/\/Subsidio-Celebracion-Jornada-Oracion-Difuntos-COVID-19.-230721\">Subsidio-Celebracion-Jornada-Oracion-Difuntos-COVID-19.-230721<\/a><\/p>\n<h4><\/h4>\n<h4><\/h4>\n<h4>CORPUS CHRISTI 2021\u00a0| Celebrar y orar en casa.<\/h4>\n<p>Compartimos subsidio para celebrar y orar en casa.\u00a0<a href=\"http:\/\/sanagustin.org\/word\/wp-content\/uploads\/2021\/02\/Celebrar-y-Orar.-Solemnidad-del-Cuerpo-y-la-Sangre-de-Cristo.-060621.pdf\">Celebrar-y-Orar.-Solemnidad-del-Cuerpo-y-la-Sangre-de-Cristo.-060621<\/a><\/p>\n<h4><\/h4>\n<h4><\/h4>\n<h4>SEMANA SANTA 2021 | CELEBRAR Y ORAR EN CASA<\/h4>\n<p>Compartimos subsidio para la oraci\u00f3n en familia para la celebrar y orar en familia, propuesto por la conferencia episcopal argentina.\u00a0<a href=\"http:\/\/sanagustin.org\/word\/wp-content\/uploads\/2021\/03\/Semana-Santa-Celebrar-y-Orar-en-casa.pdf\">CELEBRAR Y ORAR EN CASA<\/a><\/p>\n<p>&nbsp;<\/p>\n<p>&nbsp;<\/p>\n<h4>LA NOVENA DE SAN JOS\u00c9 2021 | 10 al 18 de Marzo<\/h4>\n<p>\u00a8SAN JOS\u00c9; PATRONO DE LA IGLESIA UNIVERSAL Y DE LA ORDEN AGUSTINIANA\u00a8. <a href=\"http:\/\/sanagustin.org\/word\/manana-comienza-la-novena-en-honor-a-san-jose\/\">Novena de San Jos\u00e9<\/a><\/p>\n<p>&nbsp;<\/p>\n<p>&nbsp;<\/p>\n<p>&nbsp;<\/p>\n<p>&nbsp;<\/p>\n","protected":false},"excerpt":{"rendered":"<p>Celebraciones lit\u00fargicas para la Solemnidad de SAN AGUST\u00cdN \u00a0NOVENA | LAURDES Y V\u00cdSPERAS | LITURG\u00cdA DE LA PALABRA LibroDevocionario2021-SanAgustin-completo &nbsp; &nbsp; Jornada Nacional de Oraci\u00f3n por los fallecidos a causa de la pandemia de Covid-19 | 23 de Julio de 2021 En el marco de la Jornada Nacional de Oraci\u00f3n por los fallecidos a causa [&hellip;]<\/p>\n","protected":false},"author":2,"featured_media":0,"parent":0,"menu_order":0,"comment_status":"open","ping_status":"open","template":"","meta":[],"_links":{"self":[{"href":"http:\/\/sanagustin.org\/word\/wp-json\/wp\/v2\/pages\/825"}],"collection":[{"href":"http:\/\/sanagustin.org\/word\/wp-json\/wp\/v2\/pages"}],"about":[{"href":"http:\/\/sanagustin.org\/word\/wp-json\/wp\/v2\/types\/page"}],"author":[{"embeddable":true,"href":"http:\/\/sanagustin.org\/word\/wp-json\/wp\/v2\/users\/2"}],"replies":[{"embeddable":true,"href":"http:\/\/sanagustin.org\/word\/wp-json\/wp\/v2\/comments?post=825"}],"version-history":[{"count":9,"href":"http:\/\/sanagustin.org\/word\/wp-json\/wp\/v2\/pages\/825\/revisions"}],"predecessor-version":[{"id":1911,"href":"http:\/\/sanagustin.org\/word\/wp-json\/wp\/v2\/pages\/825\/revisions\/1911"}],"wp:attachment":[{"href":"http:\/\/sanagustin.org\/word\/wp-json\/wp\/v2\/media?parent=825"}],"curies":[{"name":"wp","href":"https:\/\/api.w.org\/{rel}","templated":true}]}}