{"id":359,"date":"2015-05-21T22:09:21","date_gmt":"2015-05-21T22:09:21","guid":{"rendered":"http:\/\/sanagustin.org\/word\/?page_id=359"},"modified":"2025-05-19T00:28:32","modified_gmt":"2025-05-19T00:28:32","slug":"pastoral-vocacional","status":"publish","type":"page","link":"https:\/\/sanagustin.org\/word\/pastoral-vocacional\/","title":{"rendered":"Pastoral Vocacional"},"content":{"rendered":"\n<h2>\u201cSoy Hijo de\u202fAgust\u00edn\u202f\u2013\u202fAgustino.\u201d \u2014 Le\u00f3n\u202fXIV<\/h2>\n\n\n\n<p>Seguir a San\u202fAgust\u00edn hoy es dejarse encender el coraz\u00f3n por el mismo anhelo que movi\u00f3 al gran Obispo de Hipona: buscar la Verdad, vivir en comunidad fraterna y servir a la Iglesia all\u00ed donde m\u00e1s lo necesita. El agustino no camina solo; camina \u201ccon los pies en la tierra y el coraz\u00f3n en Dios\u201d, compartiendo la vida, la mesa, la oraci\u00f3n y la misi\u00f3n con sus hermanos y con el Pueblo de Dios.<\/p>\n\n\n\n<p><\/p>\n\n\n\n<h2>Camino formativo agustiniano en Argentina<\/h2>\n\n\n\n<figure class=\"wp-block-table\"><table><tbody><tr><td><strong>Etapa<\/strong><\/td><td><strong>Duraci\u00f3n orientativa<\/strong><\/td><td><strong>Qu\u00e9 ocurre<\/strong><\/td><td><strong>Objetivo<\/strong><\/td><\/tr><tr><td>1. Discernimiento<\/td><td>Flexible (acompa\u00f1amiento personal)<\/td><td>Retiros, encuentros vocacionales, acompa\u00f1amiento espiritual. Se conoce la Orden y la propia historia.<\/td><td>Escuchar a Dios en la propia vida y verificar si el carisma agustiniano resuena en el coraz\u00f3n.<\/td><\/tr><tr><td>2. Aspirantado<\/td><td>6\u201312\u202fmeses<\/td><td>Vida fraterna inicial: oramos juntos, estudiamos la Palabra, compartimos servicio pastoral y momentos de recreaci\u00f3n.<\/td><td>Probar la vida comunitaria y asimilar las claves de la espiritualidad: interioridad, amistad y b\u00fasqueda de la verdad.<\/td><\/tr><tr><td>3. Postulantado<\/td><td>1\u202fa\u00f1o<\/td><td>Inserci\u00f3n plena en una comunidad agustiniana; cursos introductorios de Filosof\u00eda, Teolog\u00eda, Biblia, Liturgia y vida religiosa; participaci\u00f3n en apostolados locales.<\/td><td>Fortalecer la opci\u00f3n vocacional y adquirir h\u00e1bitos de oraci\u00f3n, estudio y servicio.<\/td><\/tr><tr><td>4. Noviciado<\/td><td>12\u202fmeses can\u00f3nicos<\/td><td>A\u00f1o de intensa vida espiritual y estudio de la Regla de san\u202fAgust\u00edn, la historia de la Orden y los votos religiosos.<\/td><td>Fundar la vida en Dios y preparar la primera profesi\u00f3n de pobreza, castidad y obediencia en comunidad.<\/td><\/tr><tr><td>5. Profeso simple (profesorado)<\/td><td>3\u20136\u202fa\u00f1os<\/td><td>Profesos de votos temporales cursan filosof\u00eda y teolog\u00eda, sirven en ministerios pastorales y siguen acompa\u00f1amiento formativo.<\/td><td>Integrar formaci\u00f3n acad\u00e9mica, humana y apost\u00f3lica para madurar en la decisi\u00f3n definitiva.<\/td><\/tr><\/tbody><\/table><\/figure>\n\n\n\n<h2>\u00bfTe resuena este estilo de vida?<\/h2>\n\n\n\n<p>Si sent\u00eds dentro de vos el deseo de amar y ser amado en comunidad, de buscar juntos la Verdad y de servir a la Iglesia con coraz\u00f3n ardiente, quiz\u00e1s el Se\u00f1or te est\u00e9 invitando a caminar con nosotros.<\/p>\n\n\n\n<p>\u201c<em><strong>Tarde te am\u00e9, Belleza tan antigua y nueva; tarde te am\u00e9.\u201d \u2014 San\u202fAgust\u00edn, Confesiones X,\u202f27<\/strong><\/em><\/p>\n\n\n\n<p>No dejes que sea tarde para vos.<\/p>\n\n\n\n<p>Contactanos y un hermano agustiniano te acompa\u00f1ar\u00e1 en tu discernimiento.<br><a rel=\"noreferrer noopener\" href=\"https:\/\/docs.google.com\/forms\/d\/e\/1FAIpQLSfi_729ih5ScJh6wPvLHy62UjkZQFrX5nymhRb8tz8eyGqGnA\/viewform?pli=1\" data-type=\"URL\" data-id=\"https:\/\/docs.google.com\/forms\/d\/e\/1FAIpQLSfi_729ih5ScJh6wPvLHy62UjkZQFrX5nymhRb8tz8eyGqGnA\/viewform?pli=1\" target=\"_blank\">Formulario de contacto<\/a><\/p>\n\n\n\n<p><\/p>\n\n\n\n<p><strong>\u00a1El Se\u00f1or sigue llamando; atrevete a escuchar!<\/strong><\/p>\n\n\n\n<p><\/p>\n\n\n\n<p><\/p>\n\n\n\n<p><strong>Fray Jos\u00e9\u202fDomingo\u202fGalvis, OSA<\/strong><\/p>\n\n\n\n<p><strong>Promotor Vocacional Agustiniano \u2013 Argentina<\/strong><\/p>\n\n\n\n<figure class=\"wp-block-image size-large\"><a href=\"https:\/\/sanagustin.org\/word\/wp-content\/uploads\/2025\/05\/Soy-Hijo-de-Agustin-\u2013-Agustino.-\u2014-Leon-XIV-1.png\"><img decoding=\"async\" loading=\"lazy\" width=\"1024\" height=\"683\" src=\"https:\/\/sanagustin.org\/word\/wp-content\/uploads\/2025\/05\/Soy-Hijo-de-Agustin-\u2013-Agustino.-\u2014-Leon-XIV-1-1024x683.png\" alt=\"\" class=\"wp-image-2763\" srcset=\"https:\/\/sanagustin.org\/word\/wp-content\/uploads\/2025\/05\/Soy-Hijo-de-Agustin-\u2013-Agustino.-\u2014-Leon-XIV-1-1024x683.png 1024w, https:\/\/sanagustin.org\/word\/wp-content\/uploads\/2025\/05\/Soy-Hijo-de-Agustin-\u2013-Agustino.-\u2014-Leon-XIV-1-300x200.png 300w, https:\/\/sanagustin.org\/word\/wp-content\/uploads\/2025\/05\/Soy-Hijo-de-Agustin-\u2013-Agustino.-\u2014-Leon-XIV-1-768x512.png 768w, https:\/\/sanagustin.org\/word\/wp-content\/uploads\/2025\/05\/Soy-Hijo-de-Agustin-\u2013-Agustino.-\u2014-Leon-XIV-1.png 1200w\" sizes=\"(max-width: 1024px) 100vw, 1024px\" \/><\/a><\/figure>\n\n\n\n<figure class=\"wp-block-image size-large\"><a href=\"https:\/\/docs.google.com\/forms\/d\/e\/1FAIpQLSfi_729ih5ScJh6wPvLHy62UjkZQFrX5nymhRb8tz8eyGqGnA\/viewform?pli=1\" target=\"_blank\" rel=\"noreferrer noopener\"><img decoding=\"async\" loading=\"lazy\" width=\"1024\" height=\"978\" src=\"https:\/\/sanagustin.org\/word\/wp-content\/uploads\/2025\/05\/qr-1024x978.jpg\" alt=\"\" class=\"wp-image-2764\" srcset=\"https:\/\/sanagustin.org\/word\/wp-content\/uploads\/2025\/05\/qr-1024x978.jpg 1024w, https:\/\/sanagustin.org\/word\/wp-content\/uploads\/2025\/05\/qr-300x287.jpg 300w, https:\/\/sanagustin.org\/word\/wp-content\/uploads\/2025\/05\/qr-768x734.jpg 768w, https:\/\/sanagustin.org\/word\/wp-content\/uploads\/2025\/05\/qr.jpg 1072w\" sizes=\"(max-width: 1024px) 100vw, 1024px\" \/><\/a><\/figure>\n","protected":false},"excerpt":{"rendered":"<p>\u201cSoy Hijo de\u202fAgust\u00edn\u202f\u2013\u202fAgustino.\u201d \u2014 Le\u00f3n\u202fXIV Seguir a San\u202fAgust\u00edn hoy es dejarse encender el coraz\u00f3n por el mismo anhelo que movi\u00f3 al gran Obispo de Hipona: buscar la Verdad, vivir en comunidad fraterna y servir a la Iglesia all\u00ed donde m\u00e1s lo necesita. El agustino no camina solo; camina \u201ccon los pies en la tierra y [&hellip;]<\/p>\n","protected":false},"author":2,"featured_media":2760,"parent":0,"menu_order":0,"comment_status":"open","ping_status":"open","template":"","meta":[],"_links":{"self":[{"href":"https:\/\/sanagustin.org\/word\/wp-json\/wp\/v2\/pages\/359"}],"collection":[{"href":"https:\/\/sanagustin.org\/word\/wp-json\/wp\/v2\/pages"}],"about":[{"href":"https:\/\/sanagustin.org\/word\/wp-json\/wp\/v2\/types\/page"}],"author":[{"embeddable":true,"href":"https:\/\/sanagustin.org\/word\/wp-json\/wp\/v2\/users\/2"}],"replies":[{"embeddable":true,"href":"https:\/\/sanagustin.org\/word\/wp-json\/wp\/v2\/comments?post=359"}],"version-history":[{"count":6,"href":"https:\/\/sanagustin.org\/word\/wp-json\/wp\/v2\/pages\/359\/revisions"}],"predecessor-version":[{"id":2767,"href":"https:\/\/sanagustin.org\/word\/wp-json\/wp\/v2\/pages\/359\/revisions\/2767"}],"wp:featuredmedia":[{"embeddable":true,"href":"https:\/\/sanagustin.org\/word\/wp-json\/wp\/v2\/media\/2760"}],"wp:attachment":[{"href":"https:\/\/sanagustin.org\/word\/wp-json\/wp\/v2\/media?parent=359"}],"curies":[{"name":"wp","href":"https:\/\/api.w.org\/{rel}","templated":true}]}}