{"id":550,"date":"2015-06-17T15:28:41","date_gmt":"2015-06-17T15:28:41","guid":{"rendered":"http:\/\/sanagustin.org\/word\/?page_id=550"},"modified":"2023-07-29T18:40:42","modified_gmt":"2023-07-29T18:40:42","slug":"casa-de-formacion","status":"publish","type":"page","link":"https:\/\/sanagustin.org\/word\/nuestras-comunidades\/casa-de-formacion\/","title":{"rendered":"Casa Santa M\u00f3nica &#8211; Buenos Aires"},"content":{"rendered":"\n<p><\/p>\n\n\n\n<p><\/p>\n\n\n\n<p><strong>Espacio ideal para retiros, jornadas, encuentros, conferencias y capacitaciones<\/strong><\/p>\n\n\n\n<p>\u2022<strong>Opci\u00f3n Retiro: <\/strong>15 habitaciones individuales con ba\u00f1o privado y balc\u00f3n con vista al jard\u00edn + 2 habitaciones dobles con ba\u00f1o privado.<\/p>\n\n\n\n<p>\u2022<strong>Sal\u00f3n de usos m\u00faltiples [SUM] <\/strong>para conferencias y distintas jornadas: capacidad para 50 personas + <strong>ba\u00f1os<\/strong> para hombre y mujer<\/p>\n\n\n\n<p>\u2022<strong>Hermosa Capilla <\/strong>con coro con capacidad para 30 personas<\/p>\n\n\n\n<p>\u2022<strong>Amplio comedor <\/strong>para 32 persona + <strong>Cocina <\/strong>equipada completa<\/p>\n\n\n\n<p>\u2022<strong>Sala de estar principal <\/strong>capacidad 15 personas +<strong> Sala de estar <\/strong>capacidad para 8 personas<\/p>\n\n\n\n<p>\u2022<strong>Hall de entrada <\/strong>capacidad 1 + <strong>Sala de visitas <\/strong>capacidad 4 personas<\/p>\n\n\n\n<p>\u2022<strong>APTO PARA DISCAPACITADOS: <\/strong>Ba\u00f1o + rampa de acceso + ascensor<\/p>\n\n\n\n<p>\u2022Cochera para 2 autom\u00f3viles<\/p>\n\n\n\n<p>\u2022<strong>Hermoso parque <\/strong>con cancha futbol5\/basket + parrilla + amplia p\u00e9rgola<\/p>\n\n\n\n<p>\u2022<strong>Internet<\/strong> por WIFI+ <strong>televisores <\/strong>varios<\/p>\n\n\n\n<p>\u2022<strong>Calefaccionada<\/strong> con losa radiante + aire acondicionado frio\/calor en espacios comunes<\/p>\n\n\n\n<p>\u2022Servicio de cocina y de limpieza, ropa blanca [ADICONAL OPTATIVO]<\/p>\n\n\n\n<p><\/p>\n\n\n\n<p><strong>Ubicaci\u00f3n estrat\u00e9gica, con m\u00faltiples opciones de movilidad<\/strong><\/p>\n\n\n\n<p>La Casa de Formaci\u00f3n \u00a8Santa M\u00f3nica\u00a8 se encuentra en el pintoresco y tranquilo <strong>barrio de Agronom\u00eda<\/strong>, ubicado a pocos minutos del epicentro de la Ciudad, con <strong>variadas opciones para movilizarse <\/strong>hacia cualquier parte de la Capital Federal y Gran Buenos Aires:<\/p>\n\n\n\n<p>\u2022<strong>Direcci\u00f3n: <\/strong>Av. Nazca 3939 entre Asunci\u00f3n y Nueva York. Agronom\u00eda<\/p>\n\n\n\n<p>\u2022<strong>Auto: <\/strong>A 10 minutos de Av. General Paz , a 30 minutos del centro.<\/p>\n\n\n\n<p>\u2022<strong>Colectivo: <\/strong>L\u00edneas 108 y 110<\/p>\n\n\n\n<p>\u2022<strong>Tren + Subte: <\/strong>A 2 cuadras del Tren Urquiza [Estaci\u00f3n Beir\u00f3] con posibilidad de combinarlo con red de Subte e infinitas l\u00edneas de colectivo<\/p>\n\n\n\n<p><\/p>\n","protected":false},"excerpt":{"rendered":"<p>Espacio ideal para retiros, jornadas, encuentros, conferencias y capacitaciones \u2022Opci\u00f3n Retiro: 15 habitaciones individuales con ba\u00f1o privado y balc\u00f3n con vista al jard\u00edn + 2 habitaciones dobles con ba\u00f1o privado. \u2022Sal\u00f3n de usos m\u00faltiples [SUM] para conferencias y distintas jornadas: capacidad para 50 personas + ba\u00f1os para hombre y mujer \u2022Hermosa Capilla con coro con [&hellip;]<\/p>\n","protected":false},"author":2,"featured_media":2439,"parent":291,"menu_order":0,"comment_status":"open","ping_status":"open","template":"","meta":[],"_links":{"self":[{"href":"https:\/\/sanagustin.org\/word\/wp-json\/wp\/v2\/pages\/550"}],"collection":[{"href":"https:\/\/sanagustin.org\/word\/wp-json\/wp\/v2\/pages"}],"about":[{"href":"https:\/\/sanagustin.org\/word\/wp-json\/wp\/v2\/types\/page"}],"author":[{"embeddable":true,"href":"https:\/\/sanagustin.org\/word\/wp-json\/wp\/v2\/users\/2"}],"replies":[{"embeddable":true,"href":"https:\/\/sanagustin.org\/word\/wp-json\/wp\/v2\/comments?post=550"}],"version-history":[{"count":4,"href":"https:\/\/sanagustin.org\/word\/wp-json\/wp\/v2\/pages\/550\/revisions"}],"predecessor-version":[{"id":2443,"href":"https:\/\/sanagustin.org\/word\/wp-json\/wp\/v2\/pages\/550\/revisions\/2443"}],"up":[{"embeddable":true,"href":"https:\/\/sanagustin.org\/word\/wp-json\/wp\/v2\/pages\/291"}],"wp:featuredmedia":[{"embeddable":true,"href":"https:\/\/sanagustin.org\/word\/wp-json\/wp\/v2\/media\/2439"}],"wp:attachment":[{"href":"https:\/\/sanagustin.org\/word\/wp-json\/wp\/v2\/media?parent=550"}],"curies":[{"name":"wp","href":"https:\/\/api.w.org\/{rel}","templated":true}]}}